{"id":12,"date":"2024-09-05T22:05:19","date_gmt":"2024-09-05T22:05:19","guid":{"rendered":"https:\/\/sefedu.com.tr\/?page_id=12"},"modified":"2024-11-16T09:59:01","modified_gmt":"2024-11-16T06:59:01","slug":"geri-odeme-iade-politikasi","status":"publish","type":"page","link":"https:\/\/sefedu.com.tr\/index.php\/geri-odeme-iade-politikasi\/","title":{"rendered":"Geri \u00d6deme ve \u0130ade Politikas\u0131"},"content":{"rendered":"<h1 class=\"wp-block-heading\">SEF Education \u0130ade ve Geri \u00d6deme Politikas\u0131<\/h1><p>SEF Education olarak, \u00f6\u011frencilerimizin memnuniyetini \u00f6nemsiyoruz. Ancak, e\u011fitim programlar\u0131m\u0131z\u0131n kalitesini ve d\u00fczenini korumak ad\u0131na iade ve geri \u00f6deme politikam\u0131z a\u015fa\u011f\u0131daki gibi d\u00fczenlenmi\u015ftir:<\/p><ul class=\"wp-block-list\"><li><strong>\u0130ade ve Geri \u00d6deme \u015eartlar\u0131:<\/strong><ol class=\"wp-block-list\"><li><strong>Derse Kat\u0131lmama Durumu:<\/strong> \u00d6\u011frenci, kay\u0131t oldu\u011fu program kapsam\u0131nda hi\u00e7bir derse kat\u0131lmad\u0131ysa, \u00f6demenin tamam\u0131 iade edilir.<\/li>\n\n<li><strong>1 Ders Kat\u0131l\u0131m Durumu:<\/strong> \u00d6\u011frenci, yaln\u0131zca bir derse kat\u0131lm\u0131\u015fsa, \u00f6demenin tamam\u0131 iade edilir.<\/li>\n\n<li><strong>2 veya Daha Fazla Derse Kat\u0131l\u0131m Durumu:<\/strong> \u00d6\u011frenci, programa iki veya daha fazla derse kat\u0131lm\u0131\u015fsa, iade yap\u0131lmaz.<\/li><\/ol><\/li>\n\n<li><strong>\u0130ade S\u00fcreci:<\/strong><ul class=\"wp-block-list\"><li>\u0130ade talebinizi, program\u0131n ba\u015flang\u0131c\u0131ndan itibaren <strong>7 g\u00fcn i\u00e7inde<\/strong> yaz\u0131l\u0131 olarak [e-posta adresi veya ileti\u015fim formu bilgisi] arac\u0131l\u0131\u011f\u0131yla iletmeniz gerekmektedir.<\/li>\n\n<li>Talep onayland\u0131ktan sonra iade i\u015flemi, \u00f6demenin yap\u0131ld\u0131\u011f\u0131 y\u00f6ntemle en ge\u00e7 <strong>10 i\u015f g\u00fcn\u00fc<\/strong> i\u00e7inde ger\u00e7ekle\u015ftirilir.<\/li><\/ul><\/li>\n\n<li><strong>Notlar:<\/strong><ul class=\"wp-block-list\"><li>Program ba\u015flang\u0131\u00e7 tarihinden sonra yap\u0131lan kay\u0131t iptallerinde, yukar\u0131daki kat\u0131l\u0131m kriterleri uygulan\u0131r.<\/li>\n\n<li>\u0130adeler, yaln\u0131zca bireysel kat\u0131l\u0131mc\u0131lara yap\u0131l\u0131r. Kurumsal anla\u015fmalar veya toplu kay\u0131tlar bu politikaya dahil de\u011fildir.<\/li><\/ul><\/li><\/ul><p>Daha fazla bilgi i\u00e7in l\u00fctfen bizimle ileti\u015fime ge\u00e7in: [e-posta veya telefon bilgisi].<\/p><p>SEF Education olarak, e\u011fitiminiz boyunca yan\u0131n\u0131zda oldu\u011fumuzu unutmay\u0131n! \ud83c\udf1f<\/p>","protected":false},"excerpt":{"rendered":"<p>SEF Education \u0130ade ve Geri \u00d6deme Politikas\u0131 SEF Education olarak, \u00f6\u011frencilerimizin memnuniyetini \u00f6nemsiyoruz. Ancak, e\u011fitim programlar\u0131m\u0131z\u0131n kalitesini ve d\u00fczenini korumak ad\u0131na iade ve geri \u00f6deme politikam\u0131z a\u015fa\u011f\u0131daki gibi d\u00fczenlenmi\u015ftir: Daha fazla bilgi i\u00e7in l\u00fctfen bizimle ileti\u015fime ge\u00e7in: [e-posta veya telefon bilgisi]. SEF Education olarak, e\u011fitiminiz boyunca yan\u0131n\u0131zda oldu\u011fumuzu unutmay\u0131n! \ud83c\udf1f<\/p>\n","protected":false},"author":1,"featured_media":0,"parent":0,"menu_order":0,"comment_status":"closed","ping_status":"closed","template":"","meta":{"footnotes":""},"class_list":["post-12","page","type-page","status-publish","hentry"],"yoast_head":"<!-- This site is optimized with the Yoast SEO plugin v25.0 - https:\/\/yoast.com\/wordpress\/plugins\/seo\/ -->\n<title>Geri \u00d6deme ve \u0130ade Politikas\u0131 - SEF Education<\/title>\n<meta name=\"robots\" content=\"index, follow, max-snippet:-1, max-image-preview:large, max-video-preview:-1\" \/>\n<link rel=\"canonical\" href=\"https:\/\/sefedu.com.tr\/index.php\/geri-odeme-iade-politikasi\/\" \/>\n<meta property=\"og:locale\" content=\"tr_TR\" \/>\n<meta property=\"og:type\" content=\"article\" \/>\n<meta property=\"og:title\" content=\"Geri \u00d6deme ve \u0130ade Politikas\u0131 - SEF Education\" \/>\n<meta property=\"og:description\" content=\"SEF Education \u0130ade ve Geri \u00d6deme Politikas\u0131 SEF Education olarak, \u00f6\u011frencilerimizin memnuniyetini \u00f6nemsiyoruz. Ancak, e\u011fitim programlar\u0131m\u0131z\u0131n kalitesini ve d\u00fczenini korumak ad\u0131na iade ve geri \u00f6deme politikam\u0131z a\u015fa\u011f\u0131daki gibi d\u00fczenlenmi\u015ftir: Daha fazla bilgi i\u00e7in l\u00fctfen bizimle ileti\u015fime ge\u00e7in: [e-posta veya telefon bilgisi]. SEF Education olarak, e\u011fitiminiz boyunca yan\u0131n\u0131zda oldu\u011fumuzu unutmay\u0131n! \ud83c\udf1f\" \/>\n<meta property=\"og:url\" content=\"https:\/\/sefedu.com.tr\/index.php\/geri-odeme-iade-politikasi\/\" \/>\n<meta property=\"og:site_name\" content=\"SEF Education\" \/>\n<meta property=\"article:publisher\" content=\"https:\/\/www.facebook.com\/profile.php?id=61559411172122\" \/>\n<meta property=\"article:modified_time\" content=\"2024-11-16T06:59:01+00:00\" \/>\n<meta name=\"twitter:card\" content=\"summary_large_image\" \/>\n<meta name=\"twitter:label1\" content=\"Tahmini okuma s\u00fcresi\" \/>\n\t<meta name=\"twitter:data1\" content=\"1 dakika\" \/>\n<script type=\"application\/ld+json\" class=\"yoast-schema-graph\">{\"@context\":\"https:\/\/schema.org\",\"@graph\":[{\"@type\":\"WebPage\",\"@id\":\"https:\/\/sefedu.com.tr\/index.php\/geri-odeme-iade-politikasi\/\",\"url\":\"https:\/\/sefedu.com.tr\/index.php\/geri-odeme-iade-politikasi\/\",\"name\":\"Geri \u00d6deme ve \u0130ade Politikas\u0131 - SEF Education\",\"isPartOf\":{\"@id\":\"https:\/\/sefedu.com.tr\/#website\"},\"datePublished\":\"2024-09-05T22:05:19+00:00\",\"dateModified\":\"2024-11-16T06:59:01+00:00\",\"breadcrumb\":{\"@id\":\"https:\/\/sefedu.com.tr\/index.php\/geri-odeme-iade-politikasi\/#breadcrumb\"},\"inLanguage\":\"tr\",\"potentialAction\":[{\"@type\":\"ReadAction\",\"target\":[\"https:\/\/sefedu.com.tr\/index.php\/geri-odeme-iade-politikasi\/\"]}]},{\"@type\":\"BreadcrumbList\",\"@id\":\"https:\/\/sefedu.com.tr\/index.php\/geri-odeme-iade-politikasi\/#breadcrumb\",\"itemListElement\":[{\"@type\":\"ListItem\",\"position\":1,\"name\":\"Anasayfa\",\"item\":\"https:\/\/sefedu.com.tr\/\"},{\"@type\":\"ListItem\",\"position\":2,\"name\":\"Geri \u00d6deme ve \u0130ade Politikas\u0131\"}]},{\"@type\":\"WebSite\",\"@id\":\"https:\/\/sefedu.com.tr\/#website\",\"url\":\"https:\/\/sefedu.com.tr\/\",\"name\":\"SEF Education\",\"description\":\"\u00c7ocu\u011funuzu gelece\u011fe haz\u0131rlay\u0131n!\",\"publisher\":{\"@id\":\"https:\/\/sefedu.com.tr\/#organization\"},\"potentialAction\":[{\"@type\":\"SearchAction\",\"target\":{\"@type\":\"EntryPoint\",\"urlTemplate\":\"https:\/\/sefedu.com.tr\/?s={search_term_string}\"},\"query-input\":{\"@type\":\"PropertyValueSpecification\",\"valueRequired\":true,\"valueName\":\"search_term_string\"}}],\"inLanguage\":\"tr\"},{\"@type\":\"Organization\",\"@id\":\"https:\/\/sefedu.com.tr\/#organization\",\"name\":\"SEF Education\",\"url\":\"https:\/\/sefedu.com.tr\/\",\"logo\":{\"@type\":\"ImageObject\",\"inLanguage\":\"tr\",\"@id\":\"https:\/\/sefedu.com.tr\/#\/schema\/logo\/image\/\",\"url\":\"https:\/\/sefedu.com.tr\/wp-content\/uploads\/2024\/09\/cropped-SEFAVM.png\",\"contentUrl\":\"https:\/\/sefedu.com.tr\/wp-content\/uploads\/2024\/09\/cropped-SEFAVM.png\",\"width\":512,\"height\":512,\"caption\":\"SEF Education\"},\"image\":{\"@id\":\"https:\/\/sefedu.com.tr\/#\/schema\/logo\/image\/\"},\"sameAs\":[\"https:\/\/www.facebook.com\/profile.php?id=61559411172122\",\"https:\/\/www.instagram.com\/sefeducation\/\"]}]}<\/script>\n<!-- \/ Yoast SEO plugin. -->","yoast_head_json":{"title":"Geri \u00d6deme ve \u0130ade Politikas\u0131 - SEF Education","robots":{"index":"index","follow":"follow","max-snippet":"max-snippet:-1","max-image-preview":"max-image-preview:large","max-video-preview":"max-video-preview:-1"},"canonical":"https:\/\/sefedu.com.tr\/index.php\/geri-odeme-iade-politikasi\/","og_locale":"tr_TR","og_type":"article","og_title":"Geri \u00d6deme ve \u0130ade Politikas\u0131 - SEF Education","og_description":"SEF Education \u0130ade ve Geri \u00d6deme Politikas\u0131 SEF Education olarak, \u00f6\u011frencilerimizin memnuniyetini \u00f6nemsiyoruz. Ancak, e\u011fitim programlar\u0131m\u0131z\u0131n kalitesini ve d\u00fczenini korumak ad\u0131na iade ve geri \u00f6deme politikam\u0131z a\u015fa\u011f\u0131daki gibi d\u00fczenlenmi\u015ftir: Daha fazla bilgi i\u00e7in l\u00fctfen bizimle ileti\u015fime ge\u00e7in: [e-posta veya telefon bilgisi]. SEF Education olarak, e\u011fitiminiz boyunca yan\u0131n\u0131zda oldu\u011fumuzu unutmay\u0131n! \ud83c\udf1f","og_url":"https:\/\/sefedu.com.tr\/index.php\/geri-odeme-iade-politikasi\/","og_site_name":"SEF Education","article_publisher":"https:\/\/www.facebook.com\/profile.php?id=61559411172122","article_modified_time":"2024-11-16T06:59:01+00:00","twitter_card":"summary_large_image","twitter_misc":{"Tahmini okuma s\u00fcresi":"1 dakika"},"schema":{"@context":"https:\/\/schema.org","@graph":[{"@type":"WebPage","@id":"https:\/\/sefedu.com.tr\/index.php\/geri-odeme-iade-politikasi\/","url":"https:\/\/sefedu.com.tr\/index.php\/geri-odeme-iade-politikasi\/","name":"Geri \u00d6deme ve \u0130ade Politikas\u0131 - SEF Education","isPartOf":{"@id":"https:\/\/sefedu.com.tr\/#website"},"datePublished":"2024-09-05T22:05:19+00:00","dateModified":"2024-11-16T06:59:01+00:00","breadcrumb":{"@id":"https:\/\/sefedu.com.tr\/index.php\/geri-odeme-iade-politikasi\/#breadcrumb"},"inLanguage":"tr","potentialAction":[{"@type":"ReadAction","target":["https:\/\/sefedu.com.tr\/index.php\/geri-odeme-iade-politikasi\/"]}]},{"@type":"BreadcrumbList","@id":"https:\/\/sefedu.com.tr\/index.php\/geri-odeme-iade-politikasi\/#breadcrumb","itemListElement":[{"@type":"ListItem","position":1,"name":"Anasayfa","item":"https:\/\/sefedu.com.tr\/"},{"@type":"ListItem","position":2,"name":"Geri \u00d6deme ve \u0130ade Politikas\u0131"}]},{"@type":"WebSite","@id":"https:\/\/sefedu.com.tr\/#website","url":"https:\/\/sefedu.com.tr\/","name":"SEF Education","description":"\u00c7ocu\u011funuzu gelece\u011fe haz\u0131rlay\u0131n!","publisher":{"@id":"https:\/\/sefedu.com.tr\/#organization"},"potentialAction":[{"@type":"SearchAction","target":{"@type":"EntryPoint","urlTemplate":"https:\/\/sefedu.com.tr\/?s={search_term_string}"},"query-input":{"@type":"PropertyValueSpecification","valueRequired":true,"valueName":"search_term_string"}}],"inLanguage":"tr"},{"@type":"Organization","@id":"https:\/\/sefedu.com.tr\/#organization","name":"SEF Education","url":"https:\/\/sefedu.com.tr\/","logo":{"@type":"ImageObject","inLanguage":"tr","@id":"https:\/\/sefedu.com.tr\/#\/schema\/logo\/image\/","url":"https:\/\/sefedu.com.tr\/wp-content\/uploads\/2024\/09\/cropped-SEFAVM.png","contentUrl":"https:\/\/sefedu.com.tr\/wp-content\/uploads\/2024\/09\/cropped-SEFAVM.png","width":512,"height":512,"caption":"SEF Education"},"image":{"@id":"https:\/\/sefedu.com.tr\/#\/schema\/logo\/image\/"},"sameAs":["https:\/\/www.facebook.com\/profile.php?id=61559411172122","https:\/\/www.instagram.com\/sefeducation\/"]}]}},"yoast_meta":{"yoast_wpseo_title":"","yoast_wpseo_metadesc":"","yoast_wpseo_canonical":""},"amp_enabled":true,"_links":{"self":[{"href":"https:\/\/sefedu.com.tr\/index.php\/wp-json\/wp\/v2\/pages\/12","targetHints":{"allow":["GET"]}}],"collection":[{"href":"https:\/\/sefedu.com.tr\/index.php\/wp-json\/wp\/v2\/pages"}],"about":[{"href":"https:\/\/sefedu.com.tr\/index.php\/wp-json\/wp\/v2\/types\/page"}],"author":[{"embeddable":true,"href":"https:\/\/sefedu.com.tr\/index.php\/wp-json\/wp\/v2\/users\/1"}],"replies":[{"embeddable":true,"href":"https:\/\/sefedu.com.tr\/index.php\/wp-json\/wp\/v2\/comments?post=12"}],"version-history":[{"count":1,"href":"https:\/\/sefedu.com.tr\/index.php\/wp-json\/wp\/v2\/pages\/12\/revisions"}],"predecessor-version":[{"id":1174,"href":"https:\/\/sefedu.com.tr\/index.php\/wp-json\/wp\/v2\/pages\/12\/revisions\/1174"}],"wp:attachment":[{"href":"https:\/\/sefedu.com.tr\/index.php\/wp-json\/wp\/v2\/media?parent=12"}],"curies":[{"name":"wp","href":"https:\/\/api.w.org\/{rel}","templated":true}]}}