{"id":454,"date":"2019-04-18T11:07:31","date_gmt":"2019-04-18T11:07:31","guid":{"rendered":"https:\/\/envothemes.com\/envo-ecommerce\/my-account\/"},"modified":"2024-09-05T16:03:46","modified_gmt":"2024-09-05T16:03:46","slug":"hesabim-2","status":"publish","type":"page","link":"https:\/\/sefedu.com.tr\/index.php\/hesabim-2\/","title":{"rendered":"Hesab\u0131m"},"content":{"rendered":"<div class=\"woocommerce\"><\/div>","protected":false},"excerpt":{"rendered":"","protected":false},"author":1,"featured_media":0,"parent":0,"menu_order":0,"comment_status":"closed","ping_status":"closed","template":"","meta":{"footnotes":""},"class_list":["post-454","page","type-page","status-publish","hentry"],"yoast_head":"<!-- This site is optimized with the Yoast SEO plugin v25.0 - https:\/\/yoast.com\/wordpress\/plugins\/seo\/ -->\n<title>Hesab\u0131m - SEF Education<\/title>\n<meta name=\"robots\" content=\"index, follow, max-snippet:-1, max-image-preview:large, max-video-preview:-1\" \/>\n<link rel=\"canonical\" href=\"https:\/\/sefedu.com.tr\/index.php\/hesabim-2\/\" \/>\n<meta property=\"og:locale\" content=\"tr_TR\" \/>\n<meta property=\"og:type\" content=\"article\" \/>\n<meta property=\"og:title\" content=\"Hesab\u0131m - SEF Education\" \/>\n<meta property=\"og:url\" content=\"https:\/\/sefedu.com.tr\/index.php\/hesabim-2\/\" \/>\n<meta property=\"og:site_name\" content=\"SEF Education\" \/>\n<meta property=\"article:publisher\" content=\"https:\/\/www.facebook.com\/profile.php?id=61559411172122\" \/>\n<meta property=\"article:modified_time\" content=\"2024-09-05T16:03:46+00:00\" \/>\n<meta name=\"twitter:card\" content=\"summary_large_image\" \/>\n<script type=\"application\/ld+json\" class=\"yoast-schema-graph\">{\"@context\":\"https:\/\/schema.org\",\"@graph\":[{\"@type\":\"WebPage\",\"@id\":\"https:\/\/sefedu.com.tr\/index.php\/hesabim-2\/\",\"url\":\"https:\/\/sefedu.com.tr\/index.php\/hesabim-2\/\",\"name\":\"Hesab\u0131m - SEF Education\",\"isPartOf\":{\"@id\":\"https:\/\/sefedu.com.tr\/#website\"},\"datePublished\":\"2019-04-18T11:07:31+00:00\",\"dateModified\":\"2024-09-05T16:03:46+00:00\",\"breadcrumb\":{\"@id\":\"https:\/\/sefedu.com.tr\/index.php\/hesabim-2\/#breadcrumb\"},\"inLanguage\":\"tr\",\"potentialAction\":[{\"@type\":\"ReadAction\",\"target\":[\"https:\/\/sefedu.com.tr\/index.php\/hesabim-2\/\"]}]},{\"@type\":\"BreadcrumbList\",\"@id\":\"https:\/\/sefedu.com.tr\/index.php\/hesabim-2\/#breadcrumb\",\"itemListElement\":[{\"@type\":\"ListItem\",\"position\":1,\"name\":\"Anasayfa\",\"item\":\"https:\/\/sefedu.com.tr\/\"},{\"@type\":\"ListItem\",\"position\":2,\"name\":\"Hesab\u0131m\"}]},{\"@type\":\"WebSite\",\"@id\":\"https:\/\/sefedu.com.tr\/#website\",\"url\":\"https:\/\/sefedu.com.tr\/\",\"name\":\"SEF Education\",\"description\":\"\u00c7ocu\u011funuzu gelece\u011fe haz\u0131rlay\u0131n!\",\"publisher\":{\"@id\":\"https:\/\/sefedu.com.tr\/#organization\"},\"potentialAction\":[{\"@type\":\"SearchAction\",\"target\":{\"@type\":\"EntryPoint\",\"urlTemplate\":\"https:\/\/sefedu.com.tr\/?s={search_term_string}\"},\"query-input\":{\"@type\":\"PropertyValueSpecification\",\"valueRequired\":true,\"valueName\":\"search_term_string\"}}],\"inLanguage\":\"tr\"},{\"@type\":\"Organization\",\"@id\":\"https:\/\/sefedu.com.tr\/#organization\",\"name\":\"SEF Education\",\"url\":\"https:\/\/sefedu.com.tr\/\",\"logo\":{\"@type\":\"ImageObject\",\"inLanguage\":\"tr\",\"@id\":\"https:\/\/sefedu.com.tr\/#\/schema\/logo\/image\/\",\"url\":\"https:\/\/sefedu.com.tr\/wp-content\/uploads\/2024\/09\/cropped-SEFAVM.png\",\"contentUrl\":\"https:\/\/sefedu.com.tr\/wp-content\/uploads\/2024\/09\/cropped-SEFAVM.png\",\"width\":512,\"height\":512,\"caption\":\"SEF Education\"},\"image\":{\"@id\":\"https:\/\/sefedu.com.tr\/#\/schema\/logo\/image\/\"},\"sameAs\":[\"https:\/\/www.facebook.com\/profile.php?id=61559411172122\",\"https:\/\/www.instagram.com\/sefeducation\/\"]}]}<\/script>\n<!-- \/ Yoast SEO plugin. -->","yoast_head_json":{"title":"Hesab\u0131m - SEF Education","robots":{"index":"index","follow":"follow","max-snippet":"max-snippet:-1","max-image-preview":"max-image-preview:large","max-video-preview":"max-video-preview:-1"},"canonical":"https:\/\/sefedu.com.tr\/index.php\/hesabim-2\/","og_locale":"tr_TR","og_type":"article","og_title":"Hesab\u0131m - SEF Education","og_url":"https:\/\/sefedu.com.tr\/index.php\/hesabim-2\/","og_site_name":"SEF Education","article_publisher":"https:\/\/www.facebook.com\/profile.php?id=61559411172122","article_modified_time":"2024-09-05T16:03:46+00:00","twitter_card":"summary_large_image","schema":{"@context":"https:\/\/schema.org","@graph":[{"@type":"WebPage","@id":"https:\/\/sefedu.com.tr\/index.php\/hesabim-2\/","url":"https:\/\/sefedu.com.tr\/index.php\/hesabim-2\/","name":"Hesab\u0131m - SEF Education","isPartOf":{"@id":"https:\/\/sefedu.com.tr\/#website"},"datePublished":"2019-04-18T11:07:31+00:00","dateModified":"2024-09-05T16:03:46+00:00","breadcrumb":{"@id":"https:\/\/sefedu.com.tr\/index.php\/hesabim-2\/#breadcrumb"},"inLanguage":"tr","potentialAction":[{"@type":"ReadAction","target":["https:\/\/sefedu.com.tr\/index.php\/hesabim-2\/"]}]},{"@type":"BreadcrumbList","@id":"https:\/\/sefedu.com.tr\/index.php\/hesabim-2\/#breadcrumb","itemListElement":[{"@type":"ListItem","position":1,"name":"Anasayfa","item":"https:\/\/sefedu.com.tr\/"},{"@type":"ListItem","position":2,"name":"Hesab\u0131m"}]},{"@type":"WebSite","@id":"https:\/\/sefedu.com.tr\/#website","url":"https:\/\/sefedu.com.tr\/","name":"SEF Education","description":"\u00c7ocu\u011funuzu gelece\u011fe haz\u0131rlay\u0131n!","publisher":{"@id":"https:\/\/sefedu.com.tr\/#organization"},"potentialAction":[{"@type":"SearchAction","target":{"@type":"EntryPoint","urlTemplate":"https:\/\/sefedu.com.tr\/?s={search_term_string}"},"query-input":{"@type":"PropertyValueSpecification","valueRequired":true,"valueName":"search_term_string"}}],"inLanguage":"tr"},{"@type":"Organization","@id":"https:\/\/sefedu.com.tr\/#organization","name":"SEF Education","url":"https:\/\/sefedu.com.tr\/","logo":{"@type":"ImageObject","inLanguage":"tr","@id":"https:\/\/sefedu.com.tr\/#\/schema\/logo\/image\/","url":"https:\/\/sefedu.com.tr\/wp-content\/uploads\/2024\/09\/cropped-SEFAVM.png","contentUrl":"https:\/\/sefedu.com.tr\/wp-content\/uploads\/2024\/09\/cropped-SEFAVM.png","width":512,"height":512,"caption":"SEF Education"},"image":{"@id":"https:\/\/sefedu.com.tr\/#\/schema\/logo\/image\/"},"sameAs":["https:\/\/www.facebook.com\/profile.php?id=61559411172122","https:\/\/www.instagram.com\/sefeducation\/"]}]}},"yoast_meta":{"yoast_wpseo_title":"","yoast_wpseo_metadesc":"","yoast_wpseo_canonical":""},"amp_enabled":true,"_links":{"self":[{"href":"https:\/\/sefedu.com.tr\/index.php\/wp-json\/wp\/v2\/pages\/454","targetHints":{"allow":["GET"]}}],"collection":[{"href":"https:\/\/sefedu.com.tr\/index.php\/wp-json\/wp\/v2\/pages"}],"about":[{"href":"https:\/\/sefedu.com.tr\/index.php\/wp-json\/wp\/v2\/types\/page"}],"author":[{"embeddable":true,"href":"https:\/\/sefedu.com.tr\/index.php\/wp-json\/wp\/v2\/users\/1"}],"replies":[{"embeddable":true,"href":"https:\/\/sefedu.com.tr\/index.php\/wp-json\/wp\/v2\/comments?post=454"}],"version-history":[{"count":0,"href":"https:\/\/sefedu.com.tr\/index.php\/wp-json\/wp\/v2\/pages\/454\/revisions"}],"wp:attachment":[{"href":"https:\/\/sefedu.com.tr\/index.php\/wp-json\/wp\/v2\/media?parent=454"}],"curies":[{"name":"wp","href":"https:\/\/api.w.org\/{rel}","templated":true}]}}