{"id":1284,"date":"2024-11-27T16:24:07","date_gmt":"2024-11-27T13:24:07","guid":{"rendered":"https:\/\/sefedu.com.tr\/?post_type=product&#038;p=1284"},"modified":"2025-04-13T23:40:07","modified_gmt":"2025-04-13T20:40:07","slug":"ingilizce-kursu","status":"publish","type":"product","link":"https:\/\/sefedu.com.tr\/index.php\/urun\/ingilizce-kursu\/","title":{"rendered":"\u0130ngilizce Kursu"},"content":{"rendered":"<h3>\ud83c\udf1f\u00a0<strong> \u0130ngilizce Kursu<\/strong>\u00a0\ud83c\udf1f<\/h3>\n<p>Hi\u00e7 \u0130ngilizce bilmeyenler veya temel bilgilerini sa\u011flamla\u015ft\u0131rmak isteyenler i\u00e7in tasarland\u0131! \ud83d\udcac Bu kurs, \u0130ngilizce yolculu\u011funuza g\u00fcvenle ba\u015flaman\u0131z i\u00e7in ihtiyac\u0131n\u0131z olan her \u015feyi sunuyor. \ud83d\udc4f<\/p>\n<h4>\ud83d\udcda <strong>Kurs \u0130\u00e7eri\u011fi: Neler \u00d6\u011freneceksiniz?<\/strong><\/h4>\n<ul>\n<li><strong>Temel Kelime Bilgisi<\/strong> \ud83d\udcdd: G\u00fcnl\u00fck hayatta kullan\u0131lan en yayg\u0131n kelimeleri ve ifadeleri \u00f6\u011frenin.<\/li>\n<li><strong>Dilbilgisi Temelleri<\/strong> \ud83d\udcd6: Basit c\u00fcmleler kurmay\u0131 ve temel zamanlar\u0131 (\u00f6rne\u011fin \u015fimdiki zaman) kullanmay\u0131 \u00f6\u011frenin.<\/li>\n<li><strong>Dinleme ve Konu\u015fma Becerileri<\/strong> \ud83c\udfa7\ud83d\udde3\ufe0f: Yava\u015f ve anla\u015f\u0131l\u0131r \u0130ngilizce ile konu\u015fulanlar\u0131 anlamay\u0131 ve kendinizi ifade etmeyi ke\u015ffedin.<\/li>\n<li><strong>Okuma ve Yazma Pratikleri<\/strong> \ud83d\udcda\u270d\ufe0f: Kolay metinler okuyarak ve k\u0131sa c\u00fcmleler yazarak \u0130ngilizceye hakimiyetinizi art\u0131r\u0131n.<\/li>\n<\/ul>\n<h4>\ud83d\udd52 <strong>Kurs S\u00fcresi ve Yap\u0131s\u0131<\/strong><\/h4>\n<ul>\n<li>Haftada 1 ders \ud83d\uddd3\ufe0f<\/li>\n<li>Online ve interaktif \ud83d\udda5\ufe0f\ud83d\udcbb<\/li>\n<\/ul>\n<h4>\ud83c\udfaf <strong>Kime Uygun?<\/strong><\/h4>\n<ul>\n<li>\u0130ngilizceye <strong>s\u0131f\u0131rdan ba\u015flamak<\/strong> isteyenler.<\/li>\n<li>Temel \u0130ngilizce bilgilerini g\u00fc\u00e7lendirmek isteyenler.<\/li>\n<li>Yava\u015f ve sab\u0131rl\u0131 bir \u00f6\u011frenme ortam\u0131 arayanlar.<\/li>\n<\/ul>\n<h4>\ud83d\udca1 <strong>Neden Bu Kurs?<\/strong><\/h4>\n<ul>\n<li><strong>E\u011flenceli ve Etkile\u015fimli<\/strong>: Dersler bol bol konu\u015fma ve oyun aktiviteleriyle dolu! \ud83c\udfb2\ud83c\udf89<\/li>\n<li><strong>Esnek ve Kolay<\/strong>: \u0130stedi\u011finiz yerden ba\u011flanarak \u00f6\u011frenebilirsiniz. \ud83c\udf10<\/li>\n<li><strong>Alan\u0131nda Uzman E\u011fitmenler<\/strong>: Her biri deneyimli ve size \u00f6zel y\u00f6ntemlerle \u00f6\u011frenmenizi sa\u011flayacak. \ud83d\udc69\u200d\ud83c\udfeb\ud83d\udc68\u200d\ud83c\udfeb<\/li>\n<\/ul>\n<h4>\u2728 <strong>\u015eimdi Kat\u0131l\u0131n ve \u0130ngilizceye \u0130lk Ad\u0131m\u0131n\u0131z\u0131 At\u0131n!<\/strong><\/h4>\n<p>Ba\u015flang\u0131\u00e7 seviyesindeki \u0130ngilizce kursumuz, sizin i\u00e7in \u00f6zel olarak haz\u0131rland\u0131! \ud83d\ude80 Daha fazla bilgi ve kay\u0131t i\u00e7in bizimle ileti\u015fime ge\u00e7in. \ud83d\udce9<\/p>\n","protected":false},"excerpt":{"rendered":"<p>\ud83c\udf1f\u00a0 \u0130ngilizce Kursu\u00a0\ud83c\udf1f Hi\u00e7 \u0130ngilizce bilmeyenler veya temel bilgilerini sa\u011flamla\u015ft\u0131rmak isteyenler i\u00e7in tasarland\u0131! \ud83d\udcac Bu kurs, \u0130ngilizce yolculu\u011funuza g\u00fcvenle ba\u015flaman\u0131z i\u00e7in ihtiyac\u0131n\u0131z olan her \u015feyi sunuyor. \ud83d\udc4f \ud83d\udcda Kurs \u0130\u00e7eri\u011fi: Neler \u00d6\u011freneceksiniz? Temel Kelime Bilgisi \ud83d\udcdd: G\u00fcnl\u00fck hayatta kullan\u0131lan en yayg\u0131n kelimeleri ve ifadeleri \u00f6\u011frenin. Dilbilgisi Temelleri \ud83d\udcd6: Basit c\u00fcmleler kurmay\u0131 ve temel zamanlar\u0131 (\u00f6rne\u011fin [&hellip;]<\/p>\n","protected":false},"featured_media":1285,"comment_status":"open","ping_status":"closed","template":"","meta":[],"product_brand":[],"product_cat":[15],"product_tag":[],"class_list":{"0":"post-1284","1":"product","2":"type-product","3":"status-publish","4":"has-post-thumbnail","6":"product_cat-genel","8":"first","9":"instock","10":"sale","11":"taxable","12":"shipping-taxable","13":"purchasable","14":"product-type-simple"},"yoast_head":"<!-- This site is optimized with the Yoast SEO plugin v25.0 - https:\/\/yoast.com\/wordpress\/plugins\/seo\/ -->\n<title>\u0130ngilizce Kursu - SEF Education<\/title>\n<meta name=\"robots\" content=\"index, follow, max-snippet:-1, max-image-preview:large, max-video-preview:-1\" \/>\n<link rel=\"canonical\" href=\"https:\/\/sefedu.com.tr\/index.php\/urun\/ingilizce-kursu\/\" \/>\n<meta property=\"og:locale\" content=\"tr_TR\" \/>\n<meta property=\"og:type\" content=\"article\" \/>\n<meta property=\"og:title\" content=\"\u0130ngilizce Kursu - SEF Education\" \/>\n<meta property=\"og:description\" content=\"\ud83c\udf1f\u00a0 \u0130ngilizce Kursu\u00a0\ud83c\udf1f Hi\u00e7 \u0130ngilizce bilmeyenler veya temel bilgilerini sa\u011flamla\u015ft\u0131rmak isteyenler i\u00e7in tasarland\u0131! \ud83d\udcac Bu kurs, \u0130ngilizce yolculu\u011funuza g\u00fcvenle ba\u015flaman\u0131z i\u00e7in ihtiyac\u0131n\u0131z olan her \u015feyi sunuyor. \ud83d\udc4f \ud83d\udcda Kurs \u0130\u00e7eri\u011fi: Neler \u00d6\u011freneceksiniz? Temel Kelime Bilgisi \ud83d\udcdd: G\u00fcnl\u00fck hayatta kullan\u0131lan en yayg\u0131n kelimeleri ve ifadeleri \u00f6\u011frenin. Dilbilgisi Temelleri \ud83d\udcd6: Basit c\u00fcmleler kurmay\u0131 ve temel zamanlar\u0131 (\u00f6rne\u011fin [&hellip;]\" \/>\n<meta property=\"og:url\" content=\"https:\/\/sefedu.com.tr\/index.php\/urun\/ingilizce-kursu\/\" \/>\n<meta property=\"og:site_name\" content=\"SEF Education\" \/>\n<meta property=\"article:publisher\" content=\"https:\/\/www.facebook.com\/profile.php?id=61559411172122\" \/>\n<meta property=\"article:modified_time\" content=\"2025-04-13T20:40:07+00:00\" \/>\n<meta property=\"og:image\" content=\"https:\/\/sefedu.com.tr\/wp-content\/uploads\/2024\/11\/Cream-and-Brown-Illustrative-Simple-Tips-To-Be-Successful-Instagram-Post.png\" \/>\n\t<meta property=\"og:image:width\" content=\"1080\" \/>\n\t<meta property=\"og:image:height\" content=\"1080\" \/>\n\t<meta property=\"og:image:type\" content=\"image\/png\" \/>\n<meta name=\"twitter:card\" content=\"summary_large_image\" \/>\n<meta name=\"twitter:label1\" content=\"Tahmini okuma s\u00fcresi\" \/>\n\t<meta name=\"twitter:data1\" content=\"2 dakika\" \/>\n<script type=\"application\/ld+json\" class=\"yoast-schema-graph\">{\"@context\":\"https:\/\/schema.org\",\"@graph\":[{\"@type\":\"WebPage\",\"@id\":\"https:\/\/sefedu.com.tr\/index.php\/urun\/ingilizce-kursu\/\",\"url\":\"https:\/\/sefedu.com.tr\/index.php\/urun\/ingilizce-kursu\/\",\"name\":\"\u0130ngilizce Kursu - SEF Education\",\"isPartOf\":{\"@id\":\"https:\/\/sefedu.com.tr\/#website\"},\"primaryImageOfPage\":{\"@id\":\"https:\/\/sefedu.com.tr\/index.php\/urun\/ingilizce-kursu\/#primaryimage\"},\"image\":{\"@id\":\"https:\/\/sefedu.com.tr\/index.php\/urun\/ingilizce-kursu\/#primaryimage\"},\"thumbnailUrl\":\"https:\/\/sefedu.com.tr\/wp-content\/uploads\/2024\/11\/Cream-and-Brown-Illustrative-Simple-Tips-To-Be-Successful-Instagram-Post.png\",\"datePublished\":\"2024-11-27T13:24:07+00:00\",\"dateModified\":\"2025-04-13T20:40:07+00:00\",\"breadcrumb\":{\"@id\":\"https:\/\/sefedu.com.tr\/index.php\/urun\/ingilizce-kursu\/#breadcrumb\"},\"inLanguage\":\"tr\",\"potentialAction\":[{\"@type\":\"ReadAction\",\"target\":[\"https:\/\/sefedu.com.tr\/index.php\/urun\/ingilizce-kursu\/\"]}]},{\"@type\":\"ImageObject\",\"inLanguage\":\"tr\",\"@id\":\"https:\/\/sefedu.com.tr\/index.php\/urun\/ingilizce-kursu\/#primaryimage\",\"url\":\"https:\/\/sefedu.com.tr\/wp-content\/uploads\/2024\/11\/Cream-and-Brown-Illustrative-Simple-Tips-To-Be-Successful-Instagram-Post.png\",\"contentUrl\":\"https:\/\/sefedu.com.tr\/wp-content\/uploads\/2024\/11\/Cream-and-Brown-Illustrative-Simple-Tips-To-Be-Successful-Instagram-Post.png\",\"width\":1080,\"height\":1080},{\"@type\":\"BreadcrumbList\",\"@id\":\"https:\/\/sefedu.com.tr\/index.php\/urun\/ingilizce-kursu\/#breadcrumb\",\"itemListElement\":[{\"@type\":\"ListItem\",\"position\":1,\"name\":\"Anasayfa\",\"item\":\"https:\/\/sefedu.com.tr\/\"},{\"@type\":\"ListItem\",\"position\":2,\"name\":\"Kurslar\",\"item\":\"https:\/\/sefedu.com.tr\/index.php\/kurslar\/\"},{\"@type\":\"ListItem\",\"position\":3,\"name\":\"\u0130ngilizce Kursu\"}]},{\"@type\":\"WebSite\",\"@id\":\"https:\/\/sefedu.com.tr\/#website\",\"url\":\"https:\/\/sefedu.com.tr\/\",\"name\":\"SEF Education\",\"description\":\"\u00c7ocu\u011funuzu gelece\u011fe haz\u0131rlay\u0131n!\",\"publisher\":{\"@id\":\"https:\/\/sefedu.com.tr\/#organization\"},\"potentialAction\":[{\"@type\":\"SearchAction\",\"target\":{\"@type\":\"EntryPoint\",\"urlTemplate\":\"https:\/\/sefedu.com.tr\/?s={search_term_string}\"},\"query-input\":{\"@type\":\"PropertyValueSpecification\",\"valueRequired\":true,\"valueName\":\"search_term_string\"}}],\"inLanguage\":\"tr\"},{\"@type\":\"Organization\",\"@id\":\"https:\/\/sefedu.com.tr\/#organization\",\"name\":\"SEF Education\",\"url\":\"https:\/\/sefedu.com.tr\/\",\"logo\":{\"@type\":\"ImageObject\",\"inLanguage\":\"tr\",\"@id\":\"https:\/\/sefedu.com.tr\/#\/schema\/logo\/image\/\",\"url\":\"https:\/\/sefedu.com.tr\/wp-content\/uploads\/2024\/09\/cropped-SEFAVM.png\",\"contentUrl\":\"https:\/\/sefedu.com.tr\/wp-content\/uploads\/2024\/09\/cropped-SEFAVM.png\",\"width\":512,\"height\":512,\"caption\":\"SEF Education\"},\"image\":{\"@id\":\"https:\/\/sefedu.com.tr\/#\/schema\/logo\/image\/\"},\"sameAs\":[\"https:\/\/www.facebook.com\/profile.php?id=61559411172122\",\"https:\/\/www.instagram.com\/sefeducation\/\"]}]}<\/script>\n<!-- \/ Yoast SEO plugin. -->","yoast_head_json":{"title":"\u0130ngilizce Kursu - SEF Education","robots":{"index":"index","follow":"follow","max-snippet":"max-snippet:-1","max-image-preview":"max-image-preview:large","max-video-preview":"max-video-preview:-1"},"canonical":"https:\/\/sefedu.com.tr\/index.php\/urun\/ingilizce-kursu\/","og_locale":"tr_TR","og_type":"article","og_title":"\u0130ngilizce Kursu - SEF Education","og_description":"\ud83c\udf1f\u00a0 \u0130ngilizce Kursu\u00a0\ud83c\udf1f Hi\u00e7 \u0130ngilizce bilmeyenler veya temel bilgilerini sa\u011flamla\u015ft\u0131rmak isteyenler i\u00e7in tasarland\u0131! \ud83d\udcac Bu kurs, \u0130ngilizce yolculu\u011funuza g\u00fcvenle ba\u015flaman\u0131z i\u00e7in ihtiyac\u0131n\u0131z olan her \u015feyi sunuyor. \ud83d\udc4f \ud83d\udcda Kurs \u0130\u00e7eri\u011fi: Neler \u00d6\u011freneceksiniz? Temel Kelime Bilgisi \ud83d\udcdd: G\u00fcnl\u00fck hayatta kullan\u0131lan en yayg\u0131n kelimeleri ve ifadeleri \u00f6\u011frenin. Dilbilgisi Temelleri \ud83d\udcd6: Basit c\u00fcmleler kurmay\u0131 ve temel zamanlar\u0131 (\u00f6rne\u011fin [&hellip;]","og_url":"https:\/\/sefedu.com.tr\/index.php\/urun\/ingilizce-kursu\/","og_site_name":"SEF Education","article_publisher":"https:\/\/www.facebook.com\/profile.php?id=61559411172122","article_modified_time":"2025-04-13T20:40:07+00:00","og_image":[{"width":1080,"height":1080,"url":"https:\/\/sefedu.com.tr\/wp-content\/uploads\/2024\/11\/Cream-and-Brown-Illustrative-Simple-Tips-To-Be-Successful-Instagram-Post.png","type":"image\/png"}],"twitter_card":"summary_large_image","twitter_misc":{"Tahmini okuma s\u00fcresi":"2 dakika"},"schema":{"@context":"https:\/\/schema.org","@graph":[{"@type":"WebPage","@id":"https:\/\/sefedu.com.tr\/index.php\/urun\/ingilizce-kursu\/","url":"https:\/\/sefedu.com.tr\/index.php\/urun\/ingilizce-kursu\/","name":"\u0130ngilizce Kursu - SEF Education","isPartOf":{"@id":"https:\/\/sefedu.com.tr\/#website"},"primaryImageOfPage":{"@id":"https:\/\/sefedu.com.tr\/index.php\/urun\/ingilizce-kursu\/#primaryimage"},"image":{"@id":"https:\/\/sefedu.com.tr\/index.php\/urun\/ingilizce-kursu\/#primaryimage"},"thumbnailUrl":"https:\/\/sefedu.com.tr\/wp-content\/uploads\/2024\/11\/Cream-and-Brown-Illustrative-Simple-Tips-To-Be-Successful-Instagram-Post.png","datePublished":"2024-11-27T13:24:07+00:00","dateModified":"2025-04-13T20:40:07+00:00","breadcrumb":{"@id":"https:\/\/sefedu.com.tr\/index.php\/urun\/ingilizce-kursu\/#breadcrumb"},"inLanguage":"tr","potentialAction":[{"@type":"ReadAction","target":["https:\/\/sefedu.com.tr\/index.php\/urun\/ingilizce-kursu\/"]}]},{"@type":"ImageObject","inLanguage":"tr","@id":"https:\/\/sefedu.com.tr\/index.php\/urun\/ingilizce-kursu\/#primaryimage","url":"https:\/\/sefedu.com.tr\/wp-content\/uploads\/2024\/11\/Cream-and-Brown-Illustrative-Simple-Tips-To-Be-Successful-Instagram-Post.png","contentUrl":"https:\/\/sefedu.com.tr\/wp-content\/uploads\/2024\/11\/Cream-and-Brown-Illustrative-Simple-Tips-To-Be-Successful-Instagram-Post.png","width":1080,"height":1080},{"@type":"BreadcrumbList","@id":"https:\/\/sefedu.com.tr\/index.php\/urun\/ingilizce-kursu\/#breadcrumb","itemListElement":[{"@type":"ListItem","position":1,"name":"Anasayfa","item":"https:\/\/sefedu.com.tr\/"},{"@type":"ListItem","position":2,"name":"Kurslar","item":"https:\/\/sefedu.com.tr\/index.php\/kurslar\/"},{"@type":"ListItem","position":3,"name":"\u0130ngilizce Kursu"}]},{"@type":"WebSite","@id":"https:\/\/sefedu.com.tr\/#website","url":"https:\/\/sefedu.com.tr\/","name":"SEF Education","description":"\u00c7ocu\u011funuzu gelece\u011fe haz\u0131rlay\u0131n!","publisher":{"@id":"https:\/\/sefedu.com.tr\/#organization"},"potentialAction":[{"@type":"SearchAction","target":{"@type":"EntryPoint","urlTemplate":"https:\/\/sefedu.com.tr\/?s={search_term_string}"},"query-input":{"@type":"PropertyValueSpecification","valueRequired":true,"valueName":"search_term_string"}}],"inLanguage":"tr"},{"@type":"Organization","@id":"https:\/\/sefedu.com.tr\/#organization","name":"SEF Education","url":"https:\/\/sefedu.com.tr\/","logo":{"@type":"ImageObject","inLanguage":"tr","@id":"https:\/\/sefedu.com.tr\/#\/schema\/logo\/image\/","url":"https:\/\/sefedu.com.tr\/wp-content\/uploads\/2024\/09\/cropped-SEFAVM.png","contentUrl":"https:\/\/sefedu.com.tr\/wp-content\/uploads\/2024\/09\/cropped-SEFAVM.png","width":512,"height":512,"caption":"SEF Education"},"image":{"@id":"https:\/\/sefedu.com.tr\/#\/schema\/logo\/image\/"},"sameAs":["https:\/\/www.facebook.com\/profile.php?id=61559411172122","https:\/\/www.instagram.com\/sefeducation\/"]}]}},"yoast_meta":{"yoast_wpseo_title":"","yoast_wpseo_metadesc":"","yoast_wpseo_canonical":""},"_links":{"self":[{"href":"https:\/\/sefedu.com.tr\/index.php\/wp-json\/wp\/v2\/product\/1284","targetHints":{"allow":["GET"]}}],"collection":[{"href":"https:\/\/sefedu.com.tr\/index.php\/wp-json\/wp\/v2\/product"}],"about":[{"href":"https:\/\/sefedu.com.tr\/index.php\/wp-json\/wp\/v2\/types\/product"}],"replies":[{"embeddable":true,"href":"https:\/\/sefedu.com.tr\/index.php\/wp-json\/wp\/v2\/comments?post=1284"}],"wp:featuredmedia":[{"embeddable":true,"href":"https:\/\/sefedu.com.tr\/index.php\/wp-json\/wp\/v2\/media\/1285"}],"wp:attachment":[{"href":"https:\/\/sefedu.com.tr\/index.php\/wp-json\/wp\/v2\/media?parent=1284"}],"wp:term":[{"taxonomy":"product_brand","embeddable":true,"href":"https:\/\/sefedu.com.tr\/index.php\/wp-json\/wp\/v2\/product_brand?post=1284"},{"taxonomy":"product_cat","embeddable":true,"href":"https:\/\/sefedu.com.tr\/index.php\/wp-json\/wp\/v2\/product_cat?post=1284"},{"taxonomy":"product_tag","embeddable":true,"href":"https:\/\/sefedu.com.tr\/index.php\/wp-json\/wp\/v2\/product_tag?post=1284"}],"curies":[{"name":"wp","href":"https:\/\/api.w.org\/{rel}","templated":true}]}}