{"id":2150,"date":"2025-01-29T22:19:30","date_gmt":"2025-01-29T19:19:30","guid":{"rendered":"https:\/\/sefedu.com.tr\/?post_type=product&#038;p=2150"},"modified":"2025-01-29T22:19:31","modified_gmt":"2025-01-29T19:19:31","slug":"lgs-ingilizce-tekrar-kampi","status":"publish","type":"product","link":"https:\/\/sefedu.com.tr\/index.php\/urun\/lgs-ingilizce-tekrar-kampi\/","title":{"rendered":"LGS \u0130ngilizce Tekrar Kamp\u0131"},"content":{"rendered":"<p>\ud83c\udfaf LGS \u0130ngilizce S\u0131nav\u0131na Haz\u0131rl\u0131k! \ud83c\udfaf<\/p>\n<p>\ud83d\udca1 4 Ayl\u0131k Full Tekrar \u0130ngilizce Kamp\u0131 ile s\u0131navda fark yaratmaya haz\u0131r m\u0131s\u0131n\u0131z?<br \/>\n\ud83d\udcda Konu tekrar\u0131, bol bol soru \u00e7\u00f6z\u00fcm\u00fc ve etkili stratejilerle \u0130ngilizce s\u0131nav korkusu tarihe kar\u0131\u015facak!<\/p>\n<p>\ud83d\udcc5 Ba\u015flang\u0131\u00e7 Tarihi: 15 \u015eubat<br \/>\n\ud83d\udc68\u200d\ud83c\udfeb Uzman e\u011fitmenlerle birebir destek!<br \/>\n\ud83d\udcbb Online platform sayesinde her yerden kat\u0131labilirsiniz!<\/p>\n<p>\u2705 Hemen kaydolun, ba\u015far\u0131ya giden ilk ad\u0131m\u0131 at\u0131n!<\/p>\n<p>\ud83c\udf1f Kontenjanlar s\u0131n\u0131rl\u0131, acele edin!<\/p>\n","protected":false},"excerpt":{"rendered":"<p>\ud83c\udfaf LGS \u0130ngilizce S\u0131nav\u0131na Haz\u0131rl\u0131k! \ud83c\udfaf \ud83d\udca1 4 Ayl\u0131k Full Tekrar \u0130ngilizce Kamp\u0131 ile s\u0131navda fark yaratmaya haz\u0131r m\u0131s\u0131n\u0131z? \ud83d\udcda Konu tekrar\u0131, bol bol soru \u00e7\u00f6z\u00fcm\u00fc ve etkili stratejilerle \u0130ngilizce s\u0131nav korkusu tarihe kar\u0131\u015facak! \ud83d\udcc5 Ba\u015flang\u0131\u00e7 Tarihi: 15 \u015eubat \ud83d\udc68\u200d\ud83c\udfeb Uzman e\u011fitmenlerle birebir destek! \ud83d\udcbb Online platform sayesinde her yerden kat\u0131labilirsiniz! \u2705 Hemen kaydolun, ba\u015far\u0131ya [&hellip;]<\/p>\n","protected":false},"featured_media":2151,"comment_status":"open","ping_status":"closed","template":"","meta":[],"product_brand":[],"product_cat":[15],"product_tag":[],"class_list":{"0":"post-2150","1":"product","2":"type-product","3":"status-publish","4":"has-post-thumbnail","6":"product_cat-genel","8":"first","9":"instock","10":"sale","11":"taxable","12":"shipping-taxable","13":"purchasable","14":"product-type-simple"},"yoast_head":"<!-- This site is optimized with the Yoast SEO plugin v25.0 - https:\/\/yoast.com\/wordpress\/plugins\/seo\/ -->\n<title>LGS \u0130ngilizce Tekrar Kamp\u0131 - SEF Education<\/title>\n<meta name=\"robots\" content=\"index, follow, max-snippet:-1, max-image-preview:large, max-video-preview:-1\" \/>\n<link rel=\"canonical\" href=\"https:\/\/sefedu.com.tr\/index.php\/urun\/lgs-ingilizce-tekrar-kampi\/\" \/>\n<meta property=\"og:locale\" content=\"tr_TR\" \/>\n<meta property=\"og:type\" content=\"article\" \/>\n<meta property=\"og:title\" content=\"LGS \u0130ngilizce Tekrar Kamp\u0131 - SEF Education\" \/>\n<meta property=\"og:description\" content=\"\ud83c\udfaf LGS \u0130ngilizce S\u0131nav\u0131na Haz\u0131rl\u0131k! \ud83c\udfaf \ud83d\udca1 4 Ayl\u0131k Full Tekrar \u0130ngilizce Kamp\u0131 ile s\u0131navda fark yaratmaya haz\u0131r m\u0131s\u0131n\u0131z? \ud83d\udcda Konu tekrar\u0131, bol bol soru \u00e7\u00f6z\u00fcm\u00fc ve etkili stratejilerle \u0130ngilizce s\u0131nav korkusu tarihe kar\u0131\u015facak! \ud83d\udcc5 Ba\u015flang\u0131\u00e7 Tarihi: 15 \u015eubat \ud83d\udc68\u200d\ud83c\udfeb Uzman e\u011fitmenlerle birebir destek! \ud83d\udcbb Online platform sayesinde her yerden kat\u0131labilirsiniz! \u2705 Hemen kaydolun, ba\u015far\u0131ya [&hellip;]\" \/>\n<meta property=\"og:url\" content=\"https:\/\/sefedu.com.tr\/index.php\/urun\/lgs-ingilizce-tekrar-kampi\/\" \/>\n<meta property=\"og:site_name\" content=\"SEF Education\" \/>\n<meta property=\"article:publisher\" content=\"https:\/\/www.facebook.com\/profile.php?id=61559411172122\" \/>\n<meta property=\"article:modified_time\" content=\"2025-01-29T19:19:31+00:00\" \/>\n<meta property=\"og:image\" content=\"https:\/\/sefedu.com.tr\/wp-content\/uploads\/2025\/01\/Online-School-4.png\" \/>\n\t<meta property=\"og:image:width\" content=\"1080\" \/>\n\t<meta property=\"og:image:height\" content=\"1080\" \/>\n\t<meta property=\"og:image:type\" content=\"image\/png\" \/>\n<meta name=\"twitter:card\" content=\"summary_large_image\" \/>\n<meta name=\"twitter:label1\" content=\"Tahmini okuma s\u00fcresi\" \/>\n\t<meta name=\"twitter:data1\" content=\"1 dakika\" \/>\n<script type=\"application\/ld+json\" class=\"yoast-schema-graph\">{\"@context\":\"https:\/\/schema.org\",\"@graph\":[{\"@type\":\"WebPage\",\"@id\":\"https:\/\/sefedu.com.tr\/index.php\/urun\/lgs-ingilizce-tekrar-kampi\/\",\"url\":\"https:\/\/sefedu.com.tr\/index.php\/urun\/lgs-ingilizce-tekrar-kampi\/\",\"name\":\"LGS \u0130ngilizce Tekrar Kamp\u0131 - SEF Education\",\"isPartOf\":{\"@id\":\"https:\/\/sefedu.com.tr\/#website\"},\"primaryImageOfPage\":{\"@id\":\"https:\/\/sefedu.com.tr\/index.php\/urun\/lgs-ingilizce-tekrar-kampi\/#primaryimage\"},\"image\":{\"@id\":\"https:\/\/sefedu.com.tr\/index.php\/urun\/lgs-ingilizce-tekrar-kampi\/#primaryimage\"},\"thumbnailUrl\":\"https:\/\/sefedu.com.tr\/wp-content\/uploads\/2025\/01\/Online-School-4.png\",\"datePublished\":\"2025-01-29T19:19:30+00:00\",\"dateModified\":\"2025-01-29T19:19:31+00:00\",\"breadcrumb\":{\"@id\":\"https:\/\/sefedu.com.tr\/index.php\/urun\/lgs-ingilizce-tekrar-kampi\/#breadcrumb\"},\"inLanguage\":\"tr\",\"potentialAction\":[{\"@type\":\"ReadAction\",\"target\":[\"https:\/\/sefedu.com.tr\/index.php\/urun\/lgs-ingilizce-tekrar-kampi\/\"]}]},{\"@type\":\"ImageObject\",\"inLanguage\":\"tr\",\"@id\":\"https:\/\/sefedu.com.tr\/index.php\/urun\/lgs-ingilizce-tekrar-kampi\/#primaryimage\",\"url\":\"https:\/\/sefedu.com.tr\/wp-content\/uploads\/2025\/01\/Online-School-4.png\",\"contentUrl\":\"https:\/\/sefedu.com.tr\/wp-content\/uploads\/2025\/01\/Online-School-4.png\",\"width\":1080,\"height\":1080},{\"@type\":\"BreadcrumbList\",\"@id\":\"https:\/\/sefedu.com.tr\/index.php\/urun\/lgs-ingilizce-tekrar-kampi\/#breadcrumb\",\"itemListElement\":[{\"@type\":\"ListItem\",\"position\":1,\"name\":\"Anasayfa\",\"item\":\"https:\/\/sefedu.com.tr\/\"},{\"@type\":\"ListItem\",\"position\":2,\"name\":\"Kurslar\",\"item\":\"https:\/\/sefedu.com.tr\/index.php\/kurslar\/\"},{\"@type\":\"ListItem\",\"position\":3,\"name\":\"LGS \u0130ngilizce Tekrar Kamp\u0131\"}]},{\"@type\":\"WebSite\",\"@id\":\"https:\/\/sefedu.com.tr\/#website\",\"url\":\"https:\/\/sefedu.com.tr\/\",\"name\":\"SEF Education\",\"description\":\"\u00c7ocu\u011funuzu gelece\u011fe haz\u0131rlay\u0131n!\",\"publisher\":{\"@id\":\"https:\/\/sefedu.com.tr\/#organization\"},\"potentialAction\":[{\"@type\":\"SearchAction\",\"target\":{\"@type\":\"EntryPoint\",\"urlTemplate\":\"https:\/\/sefedu.com.tr\/?s={search_term_string}\"},\"query-input\":{\"@type\":\"PropertyValueSpecification\",\"valueRequired\":true,\"valueName\":\"search_term_string\"}}],\"inLanguage\":\"tr\"},{\"@type\":\"Organization\",\"@id\":\"https:\/\/sefedu.com.tr\/#organization\",\"name\":\"SEF Education\",\"url\":\"https:\/\/sefedu.com.tr\/\",\"logo\":{\"@type\":\"ImageObject\",\"inLanguage\":\"tr\",\"@id\":\"https:\/\/sefedu.com.tr\/#\/schema\/logo\/image\/\",\"url\":\"https:\/\/sefedu.com.tr\/wp-content\/uploads\/2024\/09\/cropped-SEFAVM.png\",\"contentUrl\":\"https:\/\/sefedu.com.tr\/wp-content\/uploads\/2024\/09\/cropped-SEFAVM.png\",\"width\":512,\"height\":512,\"caption\":\"SEF Education\"},\"image\":{\"@id\":\"https:\/\/sefedu.com.tr\/#\/schema\/logo\/image\/\"},\"sameAs\":[\"https:\/\/www.facebook.com\/profile.php?id=61559411172122\",\"https:\/\/www.instagram.com\/sefeducation\/\"]}]}<\/script>\n<!-- \/ Yoast SEO plugin. -->","yoast_head_json":{"title":"LGS \u0130ngilizce Tekrar Kamp\u0131 - SEF Education","robots":{"index":"index","follow":"follow","max-snippet":"max-snippet:-1","max-image-preview":"max-image-preview:large","max-video-preview":"max-video-preview:-1"},"canonical":"https:\/\/sefedu.com.tr\/index.php\/urun\/lgs-ingilizce-tekrar-kampi\/","og_locale":"tr_TR","og_type":"article","og_title":"LGS \u0130ngilizce Tekrar Kamp\u0131 - SEF Education","og_description":"\ud83c\udfaf LGS \u0130ngilizce S\u0131nav\u0131na Haz\u0131rl\u0131k! \ud83c\udfaf \ud83d\udca1 4 Ayl\u0131k Full Tekrar \u0130ngilizce Kamp\u0131 ile s\u0131navda fark yaratmaya haz\u0131r m\u0131s\u0131n\u0131z? \ud83d\udcda Konu tekrar\u0131, bol bol soru \u00e7\u00f6z\u00fcm\u00fc ve etkili stratejilerle \u0130ngilizce s\u0131nav korkusu tarihe kar\u0131\u015facak! \ud83d\udcc5 Ba\u015flang\u0131\u00e7 Tarihi: 15 \u015eubat \ud83d\udc68\u200d\ud83c\udfeb Uzman e\u011fitmenlerle birebir destek! \ud83d\udcbb Online platform sayesinde her yerden kat\u0131labilirsiniz! \u2705 Hemen kaydolun, ba\u015far\u0131ya [&hellip;]","og_url":"https:\/\/sefedu.com.tr\/index.php\/urun\/lgs-ingilizce-tekrar-kampi\/","og_site_name":"SEF Education","article_publisher":"https:\/\/www.facebook.com\/profile.php?id=61559411172122","article_modified_time":"2025-01-29T19:19:31+00:00","og_image":[{"width":1080,"height":1080,"url":"https:\/\/sefedu.com.tr\/wp-content\/uploads\/2025\/01\/Online-School-4.png","type":"image\/png"}],"twitter_card":"summary_large_image","twitter_misc":{"Tahmini okuma s\u00fcresi":"1 dakika"},"schema":{"@context":"https:\/\/schema.org","@graph":[{"@type":"WebPage","@id":"https:\/\/sefedu.com.tr\/index.php\/urun\/lgs-ingilizce-tekrar-kampi\/","url":"https:\/\/sefedu.com.tr\/index.php\/urun\/lgs-ingilizce-tekrar-kampi\/","name":"LGS \u0130ngilizce Tekrar Kamp\u0131 - SEF Education","isPartOf":{"@id":"https:\/\/sefedu.com.tr\/#website"},"primaryImageOfPage":{"@id":"https:\/\/sefedu.com.tr\/index.php\/urun\/lgs-ingilizce-tekrar-kampi\/#primaryimage"},"image":{"@id":"https:\/\/sefedu.com.tr\/index.php\/urun\/lgs-ingilizce-tekrar-kampi\/#primaryimage"},"thumbnailUrl":"https:\/\/sefedu.com.tr\/wp-content\/uploads\/2025\/01\/Online-School-4.png","datePublished":"2025-01-29T19:19:30+00:00","dateModified":"2025-01-29T19:19:31+00:00","breadcrumb":{"@id":"https:\/\/sefedu.com.tr\/index.php\/urun\/lgs-ingilizce-tekrar-kampi\/#breadcrumb"},"inLanguage":"tr","potentialAction":[{"@type":"ReadAction","target":["https:\/\/sefedu.com.tr\/index.php\/urun\/lgs-ingilizce-tekrar-kampi\/"]}]},{"@type":"ImageObject","inLanguage":"tr","@id":"https:\/\/sefedu.com.tr\/index.php\/urun\/lgs-ingilizce-tekrar-kampi\/#primaryimage","url":"https:\/\/sefedu.com.tr\/wp-content\/uploads\/2025\/01\/Online-School-4.png","contentUrl":"https:\/\/sefedu.com.tr\/wp-content\/uploads\/2025\/01\/Online-School-4.png","width":1080,"height":1080},{"@type":"BreadcrumbList","@id":"https:\/\/sefedu.com.tr\/index.php\/urun\/lgs-ingilizce-tekrar-kampi\/#breadcrumb","itemListElement":[{"@type":"ListItem","position":1,"name":"Anasayfa","item":"https:\/\/sefedu.com.tr\/"},{"@type":"ListItem","position":2,"name":"Kurslar","item":"https:\/\/sefedu.com.tr\/index.php\/kurslar\/"},{"@type":"ListItem","position":3,"name":"LGS \u0130ngilizce Tekrar Kamp\u0131"}]},{"@type":"WebSite","@id":"https:\/\/sefedu.com.tr\/#website","url":"https:\/\/sefedu.com.tr\/","name":"SEF Education","description":"\u00c7ocu\u011funuzu gelece\u011fe haz\u0131rlay\u0131n!","publisher":{"@id":"https:\/\/sefedu.com.tr\/#organization"},"potentialAction":[{"@type":"SearchAction","target":{"@type":"EntryPoint","urlTemplate":"https:\/\/sefedu.com.tr\/?s={search_term_string}"},"query-input":{"@type":"PropertyValueSpecification","valueRequired":true,"valueName":"search_term_string"}}],"inLanguage":"tr"},{"@type":"Organization","@id":"https:\/\/sefedu.com.tr\/#organization","name":"SEF Education","url":"https:\/\/sefedu.com.tr\/","logo":{"@type":"ImageObject","inLanguage":"tr","@id":"https:\/\/sefedu.com.tr\/#\/schema\/logo\/image\/","url":"https:\/\/sefedu.com.tr\/wp-content\/uploads\/2024\/09\/cropped-SEFAVM.png","contentUrl":"https:\/\/sefedu.com.tr\/wp-content\/uploads\/2024\/09\/cropped-SEFAVM.png","width":512,"height":512,"caption":"SEF Education"},"image":{"@id":"https:\/\/sefedu.com.tr\/#\/schema\/logo\/image\/"},"sameAs":["https:\/\/www.facebook.com\/profile.php?id=61559411172122","https:\/\/www.instagram.com\/sefeducation\/"]}]}},"yoast_meta":{"yoast_wpseo_title":"","yoast_wpseo_metadesc":"","yoast_wpseo_canonical":""},"_links":{"self":[{"href":"https:\/\/sefedu.com.tr\/index.php\/wp-json\/wp\/v2\/product\/2150","targetHints":{"allow":["GET"]}}],"collection":[{"href":"https:\/\/sefedu.com.tr\/index.php\/wp-json\/wp\/v2\/product"}],"about":[{"href":"https:\/\/sefedu.com.tr\/index.php\/wp-json\/wp\/v2\/types\/product"}],"replies":[{"embeddable":true,"href":"https:\/\/sefedu.com.tr\/index.php\/wp-json\/wp\/v2\/comments?post=2150"}],"wp:featuredmedia":[{"embeddable":true,"href":"https:\/\/sefedu.com.tr\/index.php\/wp-json\/wp\/v2\/media\/2151"}],"wp:attachment":[{"href":"https:\/\/sefedu.com.tr\/index.php\/wp-json\/wp\/v2\/media?parent=2150"}],"wp:term":[{"taxonomy":"product_brand","embeddable":true,"href":"https:\/\/sefedu.com.tr\/index.php\/wp-json\/wp\/v2\/product_brand?post=2150"},{"taxonomy":"product_cat","embeddable":true,"href":"https:\/\/sefedu.com.tr\/index.php\/wp-json\/wp\/v2\/product_cat?post=2150"},{"taxonomy":"product_tag","embeddable":true,"href":"https:\/\/sefedu.com.tr\/index.php\/wp-json\/wp\/v2\/product_tag?post=2150"}],"curies":[{"name":"wp","href":"https:\/\/api.w.org\/{rel}","templated":true}]}}