{"id":964,"date":"2024-09-05T16:26:35","date_gmt":"2024-09-05T16:26:35","guid":{"rendered":"https:\/\/sefedu.com.tr\/?post_type=product&#038;p=964"},"modified":"2024-11-05T22:29:37","modified_gmt":"2024-11-05T19:29:37","slug":"oyun-gelistirme-kursu-unity-blender-12-17-yas","status":"publish","type":"product","link":"https:\/\/sefedu.com.tr\/index.php\/urun\/oyun-gelistirme-kursu-unity-blender-12-17-yas\/","title":{"rendered":"Oyun Geli\u015ftirme Kursu &#8211; Unity, C# &#038; Blender (12-17 Ya\u015f)"},"content":{"rendered":"<p>Bu kurs, \u00e7ocuklar ve gen\u00e7ler i\u00e7in oyun geli\u015ftirme ve 3D modelleme d\u00fcnyas\u0131na e\u011flenceli ve \u00f6\u011fretici bir giri\u015f sunuyor. <strong>Unity<\/strong> ile kendi oyunlar\u0131n\u0131 tasarlamay\u0131, <strong>C#<\/strong> ile kodlamay\u0131 ve <strong>Blender<\/strong> ile 3D modeller olu\u015fturmay\u0131 \u00f6\u011frenecekler! \ud83d\ude80<\/p>\n<h3><strong>Kurs \u0130\u00e7eri\u011fi:<\/strong><\/h3>\n<ul>\n<li><strong>Unity ile Oyun Geli\u015ftirme<\/strong>: Oyun motorunu tan\u0131ma, sahneler olu\u015fturma ve animasyonlarla oyun d\u00fcnyas\u0131 in\u015fa etme. \ud83d\udd79\ufe0f<\/li>\n<li><strong>C# Programlama Dili<\/strong>: Temel kodlama becerileri, de\u011fi\u015fkenler, d\u00f6ng\u00fcler ve mant\u0131ksal yap\u0131larla oyunlara hayat verme. \ud83d\udcbb<\/li>\n<li><strong>Blender ile 3D Modelleme<\/strong>: 3D objeler olu\u015fturma, karakter tasar\u0131m\u0131 ve modelleme teknikleri. \ud83c\udfa8<\/li>\n<\/ul>\n<h3><strong>Bu Kurs Kimler \u0130\u00e7in?<\/strong><\/h3>\n<ul>\n<li>Oyun geli\u015ftirmeye ve 3D modellemeye ilgi duyan 10-18 ya\u015f aras\u0131 \u00e7ocuklar ve gen\u00e7ler.<\/li>\n<li>Teknolojiye merakl\u0131, kendi oyunlar\u0131n\u0131 ve modellerini tasarlamak isteyen herkes! \u2728<\/li>\n<\/ul>\n<p><strong>E\u011flenerek \u00f6\u011frenme zaman\u0131!<\/strong> Kursumuzla hem yarat\u0131c\u0131 projeler geli\u015ftirin hem de oyun geli\u015ftirme ve 3D tasar\u0131m d\u00fcnyas\u0131nda yetkinlik kazan\u0131n. \ud83c\udf93<\/p>\n","protected":false},"excerpt":{"rendered":"<p>Bu kurs, \u00e7ocuklar ve gen\u00e7ler i\u00e7in oyun geli\u015ftirme ve 3D modelleme d\u00fcnyas\u0131na e\u011flenceli ve \u00f6\u011fretici bir giri\u015f sunuyor. Unity ile kendi oyunlar\u0131n\u0131 tasarlamay\u0131, C# ile kodlamay\u0131 ve Blender ile 3D modeller olu\u015fturmay\u0131 \u00f6\u011frenecekler! \ud83d\ude80 Kurs \u0130\u00e7eri\u011fi: Unity ile Oyun Geli\u015ftirme: Oyun motorunu tan\u0131ma, sahneler olu\u015fturma ve animasyonlarla oyun d\u00fcnyas\u0131 in\u015fa etme. \ud83d\udd79\ufe0f C# Programlama Dili: [&hellip;]<\/p>\n","protected":false},"featured_media":1064,"comment_status":"open","ping_status":"closed","template":"","meta":[],"product_brand":[],"product_cat":[15],"product_tag":[],"class_list":{"0":"post-964","1":"product","2":"type-product","3":"status-publish","4":"has-post-thumbnail","6":"product_cat-genel","8":"first","9":"instock","10":"sale","11":"taxable","12":"shipping-taxable","13":"purchasable","14":"product-type-variable"},"yoast_head":"<!-- This site is optimized with the Yoast SEO plugin v25.0 - https:\/\/yoast.com\/wordpress\/plugins\/seo\/ -->\n<title>Oyun Geli\u015ftirme Kursu - Unity, C# &amp; Blender (12-17 Ya\u015f) - SEF Education<\/title>\n<meta name=\"robots\" content=\"index, follow, max-snippet:-1, max-image-preview:large, max-video-preview:-1\" \/>\n<link rel=\"canonical\" href=\"https:\/\/sefedu.com.tr\/index.php\/urun\/oyun-gelistirme-kursu-unity-blender-12-17-yas\/\" \/>\n<meta property=\"og:locale\" content=\"tr_TR\" \/>\n<meta property=\"og:type\" content=\"article\" \/>\n<meta property=\"og:title\" content=\"Oyun Geli\u015ftirme Kursu - Unity, C# &amp; Blender (12-17 Ya\u015f) - SEF Education\" \/>\n<meta property=\"og:description\" content=\"Bu kurs, \u00e7ocuklar ve gen\u00e7ler i\u00e7in oyun geli\u015ftirme ve 3D modelleme d\u00fcnyas\u0131na e\u011flenceli ve \u00f6\u011fretici bir giri\u015f sunuyor. Unity ile kendi oyunlar\u0131n\u0131 tasarlamay\u0131, C# ile kodlamay\u0131 ve Blender ile 3D modeller olu\u015fturmay\u0131 \u00f6\u011frenecekler! \ud83d\ude80 Kurs \u0130\u00e7eri\u011fi: Unity ile Oyun Geli\u015ftirme: Oyun motorunu tan\u0131ma, sahneler olu\u015fturma ve animasyonlarla oyun d\u00fcnyas\u0131 in\u015fa etme. \ud83d\udd79\ufe0f C# Programlama Dili: [&hellip;]\" \/>\n<meta property=\"og:url\" content=\"https:\/\/sefedu.com.tr\/index.php\/urun\/oyun-gelistirme-kursu-unity-blender-12-17-yas\/\" \/>\n<meta property=\"og:site_name\" content=\"SEF Education\" \/>\n<meta property=\"article:publisher\" content=\"https:\/\/www.facebook.com\/profile.php?id=61559411172122\" \/>\n<meta property=\"article:modified_time\" content=\"2024-11-05T19:29:37+00:00\" \/>\n<meta name=\"twitter:card\" content=\"summary_large_image\" \/>\n<script type=\"application\/ld+json\" class=\"yoast-schema-graph\">{\"@context\":\"https:\/\/schema.org\",\"@graph\":[{\"@type\":\"WebPage\",\"@id\":\"https:\/\/sefedu.com.tr\/index.php\/urun\/oyun-gelistirme-kursu-unity-blender-12-17-yas\/\",\"url\":\"https:\/\/sefedu.com.tr\/index.php\/urun\/oyun-gelistirme-kursu-unity-blender-12-17-yas\/\",\"name\":\"Oyun Geli\u015ftirme Kursu - Unity, C# & Blender (12-17 Ya\u015f) - SEF Education\",\"isPartOf\":{\"@id\":\"https:\/\/sefedu.com.tr\/#website\"},\"primaryImageOfPage\":{\"@id\":\"https:\/\/sefedu.com.tr\/index.php\/urun\/oyun-gelistirme-kursu-unity-blender-12-17-yas\/#primaryimage\"},\"image\":{\"@id\":\"https:\/\/sefedu.com.tr\/index.php\/urun\/oyun-gelistirme-kursu-unity-blender-12-17-yas\/#primaryimage\"},\"thumbnailUrl\":\"https:\/\/sefedu.com.tr\/wp-content\/uploads\/2024\/09\/Adsiz-tasarim-4-1024x1024-1.png\",\"datePublished\":\"2024-09-05T16:26:35+00:00\",\"dateModified\":\"2024-11-05T19:29:37+00:00\",\"breadcrumb\":{\"@id\":\"https:\/\/sefedu.com.tr\/index.php\/urun\/oyun-gelistirme-kursu-unity-blender-12-17-yas\/#breadcrumb\"},\"inLanguage\":\"tr\",\"potentialAction\":[{\"@type\":\"ReadAction\",\"target\":[\"https:\/\/sefedu.com.tr\/index.php\/urun\/oyun-gelistirme-kursu-unity-blender-12-17-yas\/\"]}]},{\"@type\":\"ImageObject\",\"inLanguage\":\"tr\",\"@id\":\"https:\/\/sefedu.com.tr\/index.php\/urun\/oyun-gelistirme-kursu-unity-blender-12-17-yas\/#primaryimage\",\"url\":\"https:\/\/sefedu.com.tr\/wp-content\/uploads\/2024\/09\/Adsiz-tasarim-4-1024x1024-1.png\",\"contentUrl\":\"https:\/\/sefedu.com.tr\/wp-content\/uploads\/2024\/09\/Adsiz-tasarim-4-1024x1024-1.png\",\"width\":1024,\"height\":1024},{\"@type\":\"BreadcrumbList\",\"@id\":\"https:\/\/sefedu.com.tr\/index.php\/urun\/oyun-gelistirme-kursu-unity-blender-12-17-yas\/#breadcrumb\",\"itemListElement\":[{\"@type\":\"ListItem\",\"position\":1,\"name\":\"Anasayfa\",\"item\":\"https:\/\/sefedu.com.tr\/\"},{\"@type\":\"ListItem\",\"position\":2,\"name\":\"Kurslar\",\"item\":\"https:\/\/sefedu.com.tr\/index.php\/kurslar\/\"},{\"@type\":\"ListItem\",\"position\":3,\"name\":\"Oyun Geli\u015ftirme Kursu &#8211; Unity &#038; Blender (12-17 Ya\u015f)\"}]},{\"@type\":\"WebSite\",\"@id\":\"https:\/\/sefedu.com.tr\/#website\",\"url\":\"https:\/\/sefedu.com.tr\/\",\"name\":\"SEF Education\",\"description\":\"\u00c7ocu\u011funuzu gelece\u011fe haz\u0131rlay\u0131n!\",\"publisher\":{\"@id\":\"https:\/\/sefedu.com.tr\/#organization\"},\"potentialAction\":[{\"@type\":\"SearchAction\",\"target\":{\"@type\":\"EntryPoint\",\"urlTemplate\":\"https:\/\/sefedu.com.tr\/?s={search_term_string}\"},\"query-input\":{\"@type\":\"PropertyValueSpecification\",\"valueRequired\":true,\"valueName\":\"search_term_string\"}}],\"inLanguage\":\"tr\"},{\"@type\":\"Organization\",\"@id\":\"https:\/\/sefedu.com.tr\/#organization\",\"name\":\"SEF Education\",\"url\":\"https:\/\/sefedu.com.tr\/\",\"logo\":{\"@type\":\"ImageObject\",\"inLanguage\":\"tr\",\"@id\":\"https:\/\/sefedu.com.tr\/#\/schema\/logo\/image\/\",\"url\":\"https:\/\/sefedu.com.tr\/wp-content\/uploads\/2024\/09\/cropped-SEFAVM.png\",\"contentUrl\":\"https:\/\/sefedu.com.tr\/wp-content\/uploads\/2024\/09\/cropped-SEFAVM.png\",\"width\":512,\"height\":512,\"caption\":\"SEF Education\"},\"image\":{\"@id\":\"https:\/\/sefedu.com.tr\/#\/schema\/logo\/image\/\"},\"sameAs\":[\"https:\/\/www.facebook.com\/profile.php?id=61559411172122\",\"https:\/\/www.instagram.com\/sefeducation\/\"]}]}<\/script>\n<!-- \/ Yoast SEO plugin. -->","yoast_head_json":{"title":"Oyun Geli\u015ftirme Kursu - Unity, C# & Blender (12-17 Ya\u015f) - SEF Education","robots":{"index":"index","follow":"follow","max-snippet":"max-snippet:-1","max-image-preview":"max-image-preview:large","max-video-preview":"max-video-preview:-1"},"canonical":"https:\/\/sefedu.com.tr\/index.php\/urun\/oyun-gelistirme-kursu-unity-blender-12-17-yas\/","og_locale":"tr_TR","og_type":"article","og_title":"Oyun Geli\u015ftirme Kursu - Unity, C# & Blender (12-17 Ya\u015f) - SEF Education","og_description":"Bu kurs, \u00e7ocuklar ve gen\u00e7ler i\u00e7in oyun geli\u015ftirme ve 3D modelleme d\u00fcnyas\u0131na e\u011flenceli ve \u00f6\u011fretici bir giri\u015f sunuyor. Unity ile kendi oyunlar\u0131n\u0131 tasarlamay\u0131, C# ile kodlamay\u0131 ve Blender ile 3D modeller olu\u015fturmay\u0131 \u00f6\u011frenecekler! \ud83d\ude80 Kurs \u0130\u00e7eri\u011fi: Unity ile Oyun Geli\u015ftirme: Oyun motorunu tan\u0131ma, sahneler olu\u015fturma ve animasyonlarla oyun d\u00fcnyas\u0131 in\u015fa etme. \ud83d\udd79\ufe0f C# Programlama Dili: [&hellip;]","og_url":"https:\/\/sefedu.com.tr\/index.php\/urun\/oyun-gelistirme-kursu-unity-blender-12-17-yas\/","og_site_name":"SEF Education","article_publisher":"https:\/\/www.facebook.com\/profile.php?id=61559411172122","article_modified_time":"2024-11-05T19:29:37+00:00","twitter_card":"summary_large_image","schema":{"@context":"https:\/\/schema.org","@graph":[{"@type":"WebPage","@id":"https:\/\/sefedu.com.tr\/index.php\/urun\/oyun-gelistirme-kursu-unity-blender-12-17-yas\/","url":"https:\/\/sefedu.com.tr\/index.php\/urun\/oyun-gelistirme-kursu-unity-blender-12-17-yas\/","name":"Oyun Geli\u015ftirme Kursu - Unity, C# & Blender (12-17 Ya\u015f) - SEF Education","isPartOf":{"@id":"https:\/\/sefedu.com.tr\/#website"},"primaryImageOfPage":{"@id":"https:\/\/sefedu.com.tr\/index.php\/urun\/oyun-gelistirme-kursu-unity-blender-12-17-yas\/#primaryimage"},"image":{"@id":"https:\/\/sefedu.com.tr\/index.php\/urun\/oyun-gelistirme-kursu-unity-blender-12-17-yas\/#primaryimage"},"thumbnailUrl":"https:\/\/sefedu.com.tr\/wp-content\/uploads\/2024\/09\/Adsiz-tasarim-4-1024x1024-1.png","datePublished":"2024-09-05T16:26:35+00:00","dateModified":"2024-11-05T19:29:37+00:00","breadcrumb":{"@id":"https:\/\/sefedu.com.tr\/index.php\/urun\/oyun-gelistirme-kursu-unity-blender-12-17-yas\/#breadcrumb"},"inLanguage":"tr","potentialAction":[{"@type":"ReadAction","target":["https:\/\/sefedu.com.tr\/index.php\/urun\/oyun-gelistirme-kursu-unity-blender-12-17-yas\/"]}]},{"@type":"ImageObject","inLanguage":"tr","@id":"https:\/\/sefedu.com.tr\/index.php\/urun\/oyun-gelistirme-kursu-unity-blender-12-17-yas\/#primaryimage","url":"https:\/\/sefedu.com.tr\/wp-content\/uploads\/2024\/09\/Adsiz-tasarim-4-1024x1024-1.png","contentUrl":"https:\/\/sefedu.com.tr\/wp-content\/uploads\/2024\/09\/Adsiz-tasarim-4-1024x1024-1.png","width":1024,"height":1024},{"@type":"BreadcrumbList","@id":"https:\/\/sefedu.com.tr\/index.php\/urun\/oyun-gelistirme-kursu-unity-blender-12-17-yas\/#breadcrumb","itemListElement":[{"@type":"ListItem","position":1,"name":"Anasayfa","item":"https:\/\/sefedu.com.tr\/"},{"@type":"ListItem","position":2,"name":"Kurslar","item":"https:\/\/sefedu.com.tr\/index.php\/kurslar\/"},{"@type":"ListItem","position":3,"name":"Oyun Geli\u015ftirme Kursu &#8211; Unity &#038; Blender (12-17 Ya\u015f)"}]},{"@type":"WebSite","@id":"https:\/\/sefedu.com.tr\/#website","url":"https:\/\/sefedu.com.tr\/","name":"SEF Education","description":"\u00c7ocu\u011funuzu gelece\u011fe haz\u0131rlay\u0131n!","publisher":{"@id":"https:\/\/sefedu.com.tr\/#organization"},"potentialAction":[{"@type":"SearchAction","target":{"@type":"EntryPoint","urlTemplate":"https:\/\/sefedu.com.tr\/?s={search_term_string}"},"query-input":{"@type":"PropertyValueSpecification","valueRequired":true,"valueName":"search_term_string"}}],"inLanguage":"tr"},{"@type":"Organization","@id":"https:\/\/sefedu.com.tr\/#organization","name":"SEF Education","url":"https:\/\/sefedu.com.tr\/","logo":{"@type":"ImageObject","inLanguage":"tr","@id":"https:\/\/sefedu.com.tr\/#\/schema\/logo\/image\/","url":"https:\/\/sefedu.com.tr\/wp-content\/uploads\/2024\/09\/cropped-SEFAVM.png","contentUrl":"https:\/\/sefedu.com.tr\/wp-content\/uploads\/2024\/09\/cropped-SEFAVM.png","width":512,"height":512,"caption":"SEF Education"},"image":{"@id":"https:\/\/sefedu.com.tr\/#\/schema\/logo\/image\/"},"sameAs":["https:\/\/www.facebook.com\/profile.php?id=61559411172122","https:\/\/www.instagram.com\/sefeducation\/"]}]}},"yoast_meta":{"yoast_wpseo_title":"","yoast_wpseo_metadesc":"","yoast_wpseo_canonical":""},"_links":{"self":[{"href":"https:\/\/sefedu.com.tr\/index.php\/wp-json\/wp\/v2\/product\/964","targetHints":{"allow":["GET"]}}],"collection":[{"href":"https:\/\/sefedu.com.tr\/index.php\/wp-json\/wp\/v2\/product"}],"about":[{"href":"https:\/\/sefedu.com.tr\/index.php\/wp-json\/wp\/v2\/types\/product"}],"replies":[{"embeddable":true,"href":"https:\/\/sefedu.com.tr\/index.php\/wp-json\/wp\/v2\/comments?post=964"}],"wp:featuredmedia":[{"embeddable":true,"href":"https:\/\/sefedu.com.tr\/index.php\/wp-json\/wp\/v2\/media\/1064"}],"wp:attachment":[{"href":"https:\/\/sefedu.com.tr\/index.php\/wp-json\/wp\/v2\/media?parent=964"}],"wp:term":[{"taxonomy":"product_brand","embeddable":true,"href":"https:\/\/sefedu.com.tr\/index.php\/wp-json\/wp\/v2\/product_brand?post=964"},{"taxonomy":"product_cat","embeddable":true,"href":"https:\/\/sefedu.com.tr\/index.php\/wp-json\/wp\/v2\/product_cat?post=964"},{"taxonomy":"product_tag","embeddable":true,"href":"https:\/\/sefedu.com.tr\/index.php\/wp-json\/wp\/v2\/product_tag?post=964"}],"curies":[{"name":"wp","href":"https:\/\/api.w.org\/{rel}","templated":true}]}}