{"id":965,"date":"2024-09-05T16:27:48","date_gmt":"2024-09-05T16:27:48","guid":{"rendered":"https:\/\/sefedu.com.tr\/?post_type=product&#038;p=965"},"modified":"2024-11-17T16:07:12","modified_gmt":"2024-11-17T13:07:12","slug":"yapay-zeka-kampi","status":"publish","type":"product","link":"https:\/\/sefedu.com.tr\/index.php\/urun\/yapay-zeka-kampi\/","title":{"rendered":"Yapay Zeka Kamp\u0131 (8-15 Ya\u015f)"},"content":{"rendered":"<p><strong>Yapay Zeka Kursu: ChatGPT, Stable Diffusion ve Suno AI ile Gelece\u011fin Teknolojilerini \u00d6\u011frenin! \ud83e\udd16\ud83d\udca1<\/strong><\/p>\n<p>Bu kurs, yapay zeka d\u00fcnyas\u0131na ad\u0131m atmak isteyen \u00e7ocuklar ve gen\u00e7ler i\u00e7in \u00f6zel olarak haz\u0131rlanm\u0131\u015ft\u0131r. <strong>ChatGPT<\/strong>, <strong>Stable Diffusion<\/strong> ve <strong>Suno AI<\/strong> gibi g\u00fc\u00e7l\u00fc ara\u00e7larla yapay zeka teknolojilerinin nas\u0131l kullan\u0131ld\u0131\u011f\u0131n\u0131 ve geli\u015ftirildi\u011fini \u00f6\u011frenecekler. \ud83d\ude80<\/p>\n<h3><strong>Kurs \u0130\u00e7eri\u011fi:<\/strong><\/h3>\n<p><strong>ChatGPT:<\/strong><\/p>\n<ul>\n<li><strong>Prompt Engineering\u2019e Giri\u015f<\/strong>: Yapay zeka ile nas\u0131l etkili ileti\u015fim kurulur?<\/li>\n<li><strong>Negative Prompting<\/strong>: Yapay zekay\u0131 istenmeyen sonu\u00e7lardan ka\u00e7\u0131nmaya y\u00f6nlendirme.<\/li>\n<li><strong>Positive Prompting<\/strong>: Yapay zeka ile do\u011fru sonu\u00e7lar \u00fcretme.<\/li>\n<li><strong>Task Prompting<\/strong>: G\u00f6rev tabanl\u0131 prompting teknikleri.<\/li>\n<li><strong>Story Prompting<\/strong>: Hikaye olu\u015fturma i\u00e7in yapay zeka kullan\u0131m\u0131.<\/li>\n<\/ul>\n<p><strong>Stable Diffusion:<\/strong><\/p>\n<ul>\n<li><strong>Temel Prompting<\/strong>: G\u00f6rsel \u00fcretim i\u00e7in temel prompting becerileri.<\/li>\n<li><strong>Parametreler<\/strong>: G\u00f6rsellerin \u00f6zelliklerini belirleyen parametrelerle \u00e7al\u0131\u015fmak.<\/li>\n<li><strong>\u0130leri Prompt Engineering<\/strong>: Geli\u015fmi\u015f prompting teknikleriyle daha karma\u015f\u0131k g\u00f6rseller olu\u015fturma.<\/li>\n<\/ul>\n<p><strong>Suno AI:<\/strong><\/p>\n<ul>\n<li><strong>Temel AI Kavramlar\u0131<\/strong>: Yapay zekan\u0131n nas\u0131l \u00e7al\u0131\u015ft\u0131\u011f\u0131na dair temel bilgiler.<\/li>\n<li><strong>AI ile Ses \u00dcretimi<\/strong>: Yapay zeka kullanarak m\u00fczik ve ses efektleri olu\u015fturma.<\/li>\n<li><strong>AI ile Video ve G\u00f6r\u00fcnt\u00fc \u0130\u015fleme<\/strong>: Yapay zeka ile videolar ve g\u00f6rseller \u00fczerinde \u00e7al\u0131\u015fmak.<\/li>\n<li><strong>\u0130leri AI Projeleri<\/strong>: AI projelerinde entegrasyon ve uygulama teknikleri.<\/li>\n<\/ul>\n<h3><strong>Kimler Kat\u0131lmal\u0131?<\/strong><\/h3>\n<ul>\n<li>Teknolojiye merakl\u0131 8-17 ya\u015f aras\u0131 \u00e7ocuklar ve gen\u00e7ler.<\/li>\n<li>Yapay zeka, g\u00f6rsel i\u015fleme ve m\u00fczik \u00fcretimi gibi konularda kendini geli\u015ftirmek isteyenler.<\/li>\n<\/ul>\n<p><strong>Bu kurs ile yapay zekan\u0131n g\u00fcc\u00fcn\u00fc ke\u015ffedin ve kendi projelerinizi hayata ge\u00e7irin!<\/strong> \ud83c\udf93\u2728<\/p>\n","protected":false},"excerpt":{"rendered":"<p>Yapay Zeka Kursu: ChatGPT, Stable Diffusion ve Suno AI ile Gelece\u011fin Teknolojilerini \u00d6\u011frenin! \ud83e\udd16\ud83d\udca1 Bu kurs, yapay zeka d\u00fcnyas\u0131na ad\u0131m atmak isteyen \u00e7ocuklar ve gen\u00e7ler i\u00e7in \u00f6zel olarak haz\u0131rlanm\u0131\u015ft\u0131r. ChatGPT, Stable Diffusion ve Suno AI gibi g\u00fc\u00e7l\u00fc ara\u00e7larla yapay zeka teknolojilerinin nas\u0131l kullan\u0131ld\u0131\u011f\u0131n\u0131 ve geli\u015ftirildi\u011fini \u00f6\u011frenecekler. \ud83d\ude80 Kurs \u0130\u00e7eri\u011fi: ChatGPT: Prompt Engineering\u2019e Giri\u015f: Yapay zeka [&hellip;]<\/p>\n","protected":false},"featured_media":1070,"comment_status":"open","ping_status":"closed","template":"","meta":[],"product_brand":[],"product_cat":[15],"product_tag":[],"class_list":{"0":"post-965","1":"product","2":"type-product","3":"status-publish","4":"has-post-thumbnail","6":"product_cat-genel","8":"first","9":"instock","10":"virtual","11":"taxable","12":"purchasable","13":"product-type-simple"},"yoast_head":"<!-- This site is optimized with the Yoast SEO plugin v25.0 - https:\/\/yoast.com\/wordpress\/plugins\/seo\/ -->\n<title>Yapay Zeka Kamp\u0131 (8-15 Ya\u015f) - SEF Education<\/title>\n<meta name=\"robots\" content=\"index, follow, max-snippet:-1, max-image-preview:large, max-video-preview:-1\" \/>\n<link rel=\"canonical\" href=\"https:\/\/sefedu.com.tr\/index.php\/urun\/yapay-zeka-kampi\/\" \/>\n<meta property=\"og:locale\" content=\"tr_TR\" \/>\n<meta property=\"og:type\" content=\"article\" \/>\n<meta property=\"og:title\" content=\"Yapay Zeka Kamp\u0131 (8-15 Ya\u015f) - SEF Education\" \/>\n<meta property=\"og:description\" content=\"Yapay Zeka Kursu: ChatGPT, Stable Diffusion ve Suno AI ile Gelece\u011fin Teknolojilerini \u00d6\u011frenin! \ud83e\udd16\ud83d\udca1 Bu kurs, yapay zeka d\u00fcnyas\u0131na ad\u0131m atmak isteyen \u00e7ocuklar ve gen\u00e7ler i\u00e7in \u00f6zel olarak haz\u0131rlanm\u0131\u015ft\u0131r. ChatGPT, Stable Diffusion ve Suno AI gibi g\u00fc\u00e7l\u00fc ara\u00e7larla yapay zeka teknolojilerinin nas\u0131l kullan\u0131ld\u0131\u011f\u0131n\u0131 ve geli\u015ftirildi\u011fini \u00f6\u011frenecekler. \ud83d\ude80 Kurs \u0130\u00e7eri\u011fi: ChatGPT: Prompt Engineering\u2019e Giri\u015f: Yapay zeka [&hellip;]\" \/>\n<meta property=\"og:url\" content=\"https:\/\/sefedu.com.tr\/index.php\/urun\/yapay-zeka-kampi\/\" \/>\n<meta property=\"og:site_name\" content=\"SEF Education\" \/>\n<meta property=\"article:publisher\" content=\"https:\/\/www.facebook.com\/profile.php?id=61559411172122\" \/>\n<meta property=\"article:modified_time\" content=\"2024-11-17T13:07:12+00:00\" \/>\n<meta property=\"og:image\" content=\"https:\/\/sefedu.com.tr\/wp-content\/uploads\/2024\/09\/YAPAY-ZEKA-1.png\" \/>\n\t<meta property=\"og:image:width\" content=\"1080\" \/>\n\t<meta property=\"og:image:height\" content=\"1080\" \/>\n\t<meta property=\"og:image:type\" content=\"image\/png\" \/>\n<meta name=\"twitter:card\" content=\"summary_large_image\" \/>\n<meta name=\"twitter:label1\" content=\"Tahmini okuma s\u00fcresi\" \/>\n\t<meta name=\"twitter:data1\" content=\"2 dakika\" \/>\n<script type=\"application\/ld+json\" class=\"yoast-schema-graph\">{\"@context\":\"https:\/\/schema.org\",\"@graph\":[{\"@type\":\"WebPage\",\"@id\":\"https:\/\/sefedu.com.tr\/index.php\/urun\/yapay-zeka-kampi\/\",\"url\":\"https:\/\/sefedu.com.tr\/index.php\/urun\/yapay-zeka-kampi\/\",\"name\":\"Yapay Zeka Kamp\u0131 (8-15 Ya\u015f) - SEF Education\",\"isPartOf\":{\"@id\":\"https:\/\/sefedu.com.tr\/#website\"},\"primaryImageOfPage\":{\"@id\":\"https:\/\/sefedu.com.tr\/index.php\/urun\/yapay-zeka-kampi\/#primaryimage\"},\"image\":{\"@id\":\"https:\/\/sefedu.com.tr\/index.php\/urun\/yapay-zeka-kampi\/#primaryimage\"},\"thumbnailUrl\":\"https:\/\/sefedu.com.tr\/wp-content\/uploads\/2024\/09\/YAPAY-ZEKA-1.png\",\"datePublished\":\"2024-09-05T16:27:48+00:00\",\"dateModified\":\"2024-11-17T13:07:12+00:00\",\"breadcrumb\":{\"@id\":\"https:\/\/sefedu.com.tr\/index.php\/urun\/yapay-zeka-kampi\/#breadcrumb\"},\"inLanguage\":\"tr\",\"potentialAction\":[{\"@type\":\"ReadAction\",\"target\":[\"https:\/\/sefedu.com.tr\/index.php\/urun\/yapay-zeka-kampi\/\"]}]},{\"@type\":\"ImageObject\",\"inLanguage\":\"tr\",\"@id\":\"https:\/\/sefedu.com.tr\/index.php\/urun\/yapay-zeka-kampi\/#primaryimage\",\"url\":\"https:\/\/sefedu.com.tr\/wp-content\/uploads\/2024\/09\/YAPAY-ZEKA-1.png\",\"contentUrl\":\"https:\/\/sefedu.com.tr\/wp-content\/uploads\/2024\/09\/YAPAY-ZEKA-1.png\",\"width\":1080,\"height\":1080},{\"@type\":\"BreadcrumbList\",\"@id\":\"https:\/\/sefedu.com.tr\/index.php\/urun\/yapay-zeka-kampi\/#breadcrumb\",\"itemListElement\":[{\"@type\":\"ListItem\",\"position\":1,\"name\":\"Anasayfa\",\"item\":\"https:\/\/sefedu.com.tr\/\"},{\"@type\":\"ListItem\",\"position\":2,\"name\":\"Kurslar\",\"item\":\"https:\/\/sefedu.com.tr\/index.php\/kurslar\/\"},{\"@type\":\"ListItem\",\"position\":3,\"name\":\"Yapay Zeka Kamp\u0131 (8-15 Ya\u015f)\"}]},{\"@type\":\"WebSite\",\"@id\":\"https:\/\/sefedu.com.tr\/#website\",\"url\":\"https:\/\/sefedu.com.tr\/\",\"name\":\"SEF Education\",\"description\":\"\u00c7ocu\u011funuzu gelece\u011fe haz\u0131rlay\u0131n!\",\"publisher\":{\"@id\":\"https:\/\/sefedu.com.tr\/#organization\"},\"potentialAction\":[{\"@type\":\"SearchAction\",\"target\":{\"@type\":\"EntryPoint\",\"urlTemplate\":\"https:\/\/sefedu.com.tr\/?s={search_term_string}\"},\"query-input\":{\"@type\":\"PropertyValueSpecification\",\"valueRequired\":true,\"valueName\":\"search_term_string\"}}],\"inLanguage\":\"tr\"},{\"@type\":\"Organization\",\"@id\":\"https:\/\/sefedu.com.tr\/#organization\",\"name\":\"SEF Education\",\"url\":\"https:\/\/sefedu.com.tr\/\",\"logo\":{\"@type\":\"ImageObject\",\"inLanguage\":\"tr\",\"@id\":\"https:\/\/sefedu.com.tr\/#\/schema\/logo\/image\/\",\"url\":\"https:\/\/sefedu.com.tr\/wp-content\/uploads\/2024\/09\/cropped-SEFAVM.png\",\"contentUrl\":\"https:\/\/sefedu.com.tr\/wp-content\/uploads\/2024\/09\/cropped-SEFAVM.png\",\"width\":512,\"height\":512,\"caption\":\"SEF Education\"},\"image\":{\"@id\":\"https:\/\/sefedu.com.tr\/#\/schema\/logo\/image\/\"},\"sameAs\":[\"https:\/\/www.facebook.com\/profile.php?id=61559411172122\",\"https:\/\/www.instagram.com\/sefeducation\/\"]}]}<\/script>\n<!-- \/ Yoast SEO plugin. -->","yoast_head_json":{"title":"Yapay Zeka Kamp\u0131 (8-15 Ya\u015f) - SEF Education","robots":{"index":"index","follow":"follow","max-snippet":"max-snippet:-1","max-image-preview":"max-image-preview:large","max-video-preview":"max-video-preview:-1"},"canonical":"https:\/\/sefedu.com.tr\/index.php\/urun\/yapay-zeka-kampi\/","og_locale":"tr_TR","og_type":"article","og_title":"Yapay Zeka Kamp\u0131 (8-15 Ya\u015f) - SEF Education","og_description":"Yapay Zeka Kursu: ChatGPT, Stable Diffusion ve Suno AI ile Gelece\u011fin Teknolojilerini \u00d6\u011frenin! \ud83e\udd16\ud83d\udca1 Bu kurs, yapay zeka d\u00fcnyas\u0131na ad\u0131m atmak isteyen \u00e7ocuklar ve gen\u00e7ler i\u00e7in \u00f6zel olarak haz\u0131rlanm\u0131\u015ft\u0131r. ChatGPT, Stable Diffusion ve Suno AI gibi g\u00fc\u00e7l\u00fc ara\u00e7larla yapay zeka teknolojilerinin nas\u0131l kullan\u0131ld\u0131\u011f\u0131n\u0131 ve geli\u015ftirildi\u011fini \u00f6\u011frenecekler. \ud83d\ude80 Kurs \u0130\u00e7eri\u011fi: ChatGPT: Prompt Engineering\u2019e Giri\u015f: Yapay zeka [&hellip;]","og_url":"https:\/\/sefedu.com.tr\/index.php\/urun\/yapay-zeka-kampi\/","og_site_name":"SEF Education","article_publisher":"https:\/\/www.facebook.com\/profile.php?id=61559411172122","article_modified_time":"2024-11-17T13:07:12+00:00","og_image":[{"width":1080,"height":1080,"url":"https:\/\/sefedu.com.tr\/wp-content\/uploads\/2024\/09\/YAPAY-ZEKA-1.png","type":"image\/png"}],"twitter_card":"summary_large_image","twitter_misc":{"Tahmini okuma s\u00fcresi":"2 dakika"},"schema":{"@context":"https:\/\/schema.org","@graph":[{"@type":"WebPage","@id":"https:\/\/sefedu.com.tr\/index.php\/urun\/yapay-zeka-kampi\/","url":"https:\/\/sefedu.com.tr\/index.php\/urun\/yapay-zeka-kampi\/","name":"Yapay Zeka Kamp\u0131 (8-15 Ya\u015f) - SEF Education","isPartOf":{"@id":"https:\/\/sefedu.com.tr\/#website"},"primaryImageOfPage":{"@id":"https:\/\/sefedu.com.tr\/index.php\/urun\/yapay-zeka-kampi\/#primaryimage"},"image":{"@id":"https:\/\/sefedu.com.tr\/index.php\/urun\/yapay-zeka-kampi\/#primaryimage"},"thumbnailUrl":"https:\/\/sefedu.com.tr\/wp-content\/uploads\/2024\/09\/YAPAY-ZEKA-1.png","datePublished":"2024-09-05T16:27:48+00:00","dateModified":"2024-11-17T13:07:12+00:00","breadcrumb":{"@id":"https:\/\/sefedu.com.tr\/index.php\/urun\/yapay-zeka-kampi\/#breadcrumb"},"inLanguage":"tr","potentialAction":[{"@type":"ReadAction","target":["https:\/\/sefedu.com.tr\/index.php\/urun\/yapay-zeka-kampi\/"]}]},{"@type":"ImageObject","inLanguage":"tr","@id":"https:\/\/sefedu.com.tr\/index.php\/urun\/yapay-zeka-kampi\/#primaryimage","url":"https:\/\/sefedu.com.tr\/wp-content\/uploads\/2024\/09\/YAPAY-ZEKA-1.png","contentUrl":"https:\/\/sefedu.com.tr\/wp-content\/uploads\/2024\/09\/YAPAY-ZEKA-1.png","width":1080,"height":1080},{"@type":"BreadcrumbList","@id":"https:\/\/sefedu.com.tr\/index.php\/urun\/yapay-zeka-kampi\/#breadcrumb","itemListElement":[{"@type":"ListItem","position":1,"name":"Anasayfa","item":"https:\/\/sefedu.com.tr\/"},{"@type":"ListItem","position":2,"name":"Kurslar","item":"https:\/\/sefedu.com.tr\/index.php\/kurslar\/"},{"@type":"ListItem","position":3,"name":"Yapay Zeka Kamp\u0131 (8-15 Ya\u015f)"}]},{"@type":"WebSite","@id":"https:\/\/sefedu.com.tr\/#website","url":"https:\/\/sefedu.com.tr\/","name":"SEF Education","description":"\u00c7ocu\u011funuzu gelece\u011fe haz\u0131rlay\u0131n!","publisher":{"@id":"https:\/\/sefedu.com.tr\/#organization"},"potentialAction":[{"@type":"SearchAction","target":{"@type":"EntryPoint","urlTemplate":"https:\/\/sefedu.com.tr\/?s={search_term_string}"},"query-input":{"@type":"PropertyValueSpecification","valueRequired":true,"valueName":"search_term_string"}}],"inLanguage":"tr"},{"@type":"Organization","@id":"https:\/\/sefedu.com.tr\/#organization","name":"SEF Education","url":"https:\/\/sefedu.com.tr\/","logo":{"@type":"ImageObject","inLanguage":"tr","@id":"https:\/\/sefedu.com.tr\/#\/schema\/logo\/image\/","url":"https:\/\/sefedu.com.tr\/wp-content\/uploads\/2024\/09\/cropped-SEFAVM.png","contentUrl":"https:\/\/sefedu.com.tr\/wp-content\/uploads\/2024\/09\/cropped-SEFAVM.png","width":512,"height":512,"caption":"SEF Education"},"image":{"@id":"https:\/\/sefedu.com.tr\/#\/schema\/logo\/image\/"},"sameAs":["https:\/\/www.facebook.com\/profile.php?id=61559411172122","https:\/\/www.instagram.com\/sefeducation\/"]}]}},"yoast_meta":{"yoast_wpseo_title":"","yoast_wpseo_metadesc":"","yoast_wpseo_canonical":""},"_links":{"self":[{"href":"https:\/\/sefedu.com.tr\/index.php\/wp-json\/wp\/v2\/product\/965","targetHints":{"allow":["GET"]}}],"collection":[{"href":"https:\/\/sefedu.com.tr\/index.php\/wp-json\/wp\/v2\/product"}],"about":[{"href":"https:\/\/sefedu.com.tr\/index.php\/wp-json\/wp\/v2\/types\/product"}],"replies":[{"embeddable":true,"href":"https:\/\/sefedu.com.tr\/index.php\/wp-json\/wp\/v2\/comments?post=965"}],"wp:featuredmedia":[{"embeddable":true,"href":"https:\/\/sefedu.com.tr\/index.php\/wp-json\/wp\/v2\/media\/1070"}],"wp:attachment":[{"href":"https:\/\/sefedu.com.tr\/index.php\/wp-json\/wp\/v2\/media?parent=965"}],"wp:term":[{"taxonomy":"product_brand","embeddable":true,"href":"https:\/\/sefedu.com.tr\/index.php\/wp-json\/wp\/v2\/product_brand?post=965"},{"taxonomy":"product_cat","embeddable":true,"href":"https:\/\/sefedu.com.tr\/index.php\/wp-json\/wp\/v2\/product_cat?post=965"},{"taxonomy":"product_tag","embeddable":true,"href":"https:\/\/sefedu.com.tr\/index.php\/wp-json\/wp\/v2\/product_tag?post=965"}],"curies":[{"name":"wp","href":"https:\/\/api.w.org\/{rel}","templated":true}]}}